{"id":1518,"date":"2023-08-02T14:31:10","date_gmt":"2023-08-02T12:31:10","guid":{"rendered":"https:\/\/registreerfrl.bwhsite.nl\/waarom-frl\/"},"modified":"2023-11-21T14:15:24","modified_gmt":"2023-11-21T13:15:24","slug":"werom-frl","status":"publish","type":"page","link":"https:\/\/www.registreer.frl\/frl\/werom-frl\/","title":{"rendered":"W\u00earom .frl"},"content":{"rendered":"\n<div class=\"block__container--wrapper main top- bottom- full\">\n\t<div class=\"block__container\">\n\t\t\n\n<section class=\"block_benefits-wrapper block__benefits\">\n\t<div class=\"block-title\">\t\t\t<span class=\"number\">6<\/span>\t\t<h2>foar&shy;dielen<\/h2>\n\t<\/div>\n\t<div class=\"block-benefits\">\n\t\t<div class=\"row\">\n\t\t\t\t<div class=\"benefit-item col-12 col-lg-4\">\t\t\t\t\t\t<div class=\"image\">\n\t\t\t\t\t\t\t<img decoding=\"async\" src=\"https:\/\/www.registreer.frl\/wp-content\/uploads\/2023\/10\/voor-friezen-wit-1.svg\" alt=\"\">\n\t\t\t\t\t\t<\/div>\t\t\t\t\t<h3>Foar Friezen<\/h3>\n\t\t\t\t\t<p>In namme seit in soad oer wa\u2019tst bist. Lit mei in Fryske domeinnamme sjen datst Frysk bist en sprek dyn Fryske doelgroep oan. Sa falst op yn Frysl\u00e2n \u00e9n de rest fan \u2019e wr\u00e2ld.<\/p>\n\t\t\t\t<\/div>\n\t\t\t\t<div class=\"benefit-item col-12 col-lg-4\">\t\t\t\t\t\t<div class=\"image\">\n\t\t\t\t\t\t\t<img decoding=\"async\" src=\"https:\/\/www.registreer.frl\/wp-content\/uploads\/2023\/08\/icon_white.svg\" alt=\"\">\n\t\t\t\t\t\t<\/div>\t\t\t\t\t<h3>In soad frije domeinnammen<\/h3>\n\t\t\t\t\t<p lang=\"fy-NL\">In soad .frl-domeinnammen binne noch frij, yn tsjinstelling ta .nl of .com. Registrearje d\u00earom de domeinnamme dy\u2019tst graach ha wolst, foardat in oar it docht!<\/p>\n\t\t\t\t<\/div>\n\t\t\t\t<div class=\"benefit-item col-12 col-lg-4\">\t\t\t\t\t\t<div class=\"image\">\n\t\t\t\t\t\t\t<img decoding=\"async\" src=\"https:\/\/www.registreer.frl\/wp-content\/uploads\/2023\/10\/goed-vindbaar-wit.svg\" alt=\"\">\n\t\t\t\t\t\t<\/div>\t\t\t\t\t<h3>Goed te finen<\/h3>\n\t\t\t\t\t<p lang=\"fy-NL\">Mei in Fryske domeinnamme litst sjen w\u00ear\u2019tst te finen bist. Sykmasines sille dy d\u00eartroch earder toane as minsken yn Frysl\u00e2n nei dy op syk binne.<\/p>\n\t\t\t\t<\/div>\n\t\t\t\t<div class=\"benefit-item col-12 col-lg-4\">\t\t\t\t\t\t<div class=\"image\">\n\t\t\t\t\t\t\t<img decoding=\"async\" src=\"https:\/\/www.registreer.frl\/wp-content\/uploads\/2023\/10\/merknaam-wit.svg\" alt=\"\">\n\t\t\t\t\t\t<\/div>\t\t\t\t\t<h3>As merknamme<\/h3>\n\t\t\t\t\t<p lang=\"fy-NL\">Br\u00fbk de namme fan dyn produkt of tsjinst as domeinnamme \u00e9n as merknamme. Sa bist mei kapper.frl d\u00e9 Fryske kapper of litst mei bootverhuur.frl sjen datsto boaten ferhierst yn Frysl\u00e2n.<\/p>\n\t\t\t\t<\/div>\n\t\t\t\t<div class=\"benefit-item col-12 col-lg-4\">\t\t\t\t\t\t<div class=\"image\">\n\t\t\t\t\t\t\t<img decoding=\"async\" src=\"https:\/\/www.registreer.frl\/wp-content\/uploads\/2023\/10\/mienskip-wit.svg\" alt=\"\">\n\t\t\t\t\t\t<\/div>\t\t\t\t\t<h3>As Mienskip<\/h3>\n\t\t\t\t\t<p lang=\"fy-NL\">Br\u00fbk ek mei-inoar in .frl-domeinnamme. Museum.frl is bygelyks \u00edt plak d\u00ear\u2019t alle Fryske musea har presintearje.<\/p>\n\t\t\t\t<\/div>\n\t\t\t\t<div class=\"benefit-item col-12 col-lg-4\">\t\t\t\t\t\t<div class=\"image\">\n\t\t\t\t\t\t\t<img decoding=\"async\" src=\"https:\/\/www.registreer.frl\/wp-content\/uploads\/2023\/10\/alle-leestekens-wit.svg\" alt=\"\">\n\t\t\t\t\t\t<\/div>\t\t\t\t\t<h3>Alle l\u00eastekens<\/h3>\n\t\t\t\t\t<p lang=\"fy-NL\">Br\u00fbk alle Fryske l\u00eastekens \u00e9k yn dyn domeinnamme. Frysl\u00e2n.frl yn stee fan Fryslan.frl dus!<\/p>\n\t\t\t\t<\/div>\t\t<\/div>\n\t<\/div>\n\n<\/section>\n\n\t<\/div>\n<\/div>\n\n\n<div class=\"block__container--wrapper grey top- bottom- full\">\n\t<div class=\"block__container\">\n\t\t\n\n<div class=\"block-review-wrapper block__review\">\n\t<div class=\"block-title\">\n\t\t<h2>Fryske fans<\/h2>\n\t<\/div>\t\t<div class=\"block-reviews\"><div class=\"review-item\">\n  <div class=\"content\">\n    Ik fyn .frl ien fan de moaiste aventoeren dy\u2019t wy meimakke hawwe.  <\/div>\n  <div class=\"person\">\n    <div class=\"image\">\n      <img loading=\"lazy\" decoding=\"async\" width=\"463\" height=\"439\" src=\"https:\/\/www.registreer.frl\/wp-content\/uploads\/2023\/08\/henri-de-jong.png\" class=\"attachment-thumbnail size-thumbnail wp-post-image\" alt=\"\" \/>    <\/div>\n    <span class=\"name\">Henri de Jong<\/span>\n    <span class=\"function\">Oprjochter Mijndomein en FRLregistry<\/span>\n  <\/div>\n<\/div><div class=\"review-item\">\n  <div class=\"content\">\n    .frl is unyk, \u00fbnderskiedend \u00e9n Frysk. De minsken yn Frysl\u00e2n sjogge dat en wolle d\u00ear \u00fbnderdiel fan w\u00eaze.  <\/div>\n  <div class=\"person\">\n    <div class=\"image\">\n      <img loading=\"lazy\" decoding=\"async\" width=\"392\" height=\"323\" src=\"https:\/\/www.registreer.frl\/wp-content\/uploads\/2023\/09\/sietske-poepjes.jpg\" class=\"attachment-thumbnail size-thumbnail wp-post-image\" alt=\"\" \/>    <\/div>\n    <span class=\"name\">Sietske Poepjes<\/span>\n    <span class=\"function\">Deputearre Provinsje Frysl\u00e2n<\/span>\n  <\/div>\n<\/div><div class=\"review-item\">\n  <div class=\"content\">\n    Us klanten fine it geweldich dat wy \u00fas Fryske grutskens sjen litte.  <\/div>\n  <div class=\"person\">\n    <div class=\"image\">\n      <img loading=\"lazy\" decoding=\"async\" width=\"500\" height=\"500\" src=\"https:\/\/www.registreer.frl\/wp-content\/uploads\/2023\/08\/vlag-friesland-500x500.png\" class=\"attachment-thumbnail size-thumbnail wp-post-image\" alt=\"\" \/>    <\/div>\n    <span class=\"name\">Marleen Rijpkema<\/span>\n    <span class=\"function\">Projektmanager WRK.frl\/<\/span>\n  <\/div>\n<\/div>\t\t<\/div><\/div>\n\n\t<\/div>\n<\/div>\n\n\n<div class=\"block__container--wrapper  top-grey bottom-white split\">\n\t<div class=\"block__container\">\n\t\t\n\n<div class=\"block__call-to-action--wrapper dark\">\n\t<div class=\"block__container\">\n\t\t\n\n<div class=\"wp-block-columns is-layout-flex wp-container-core-columns-is-layout-9d6595d7 wp-block-columns-is-layout-flex\">\n<div class=\"wp-block-column is-layout-flow wp-block-column-is-layout-flow\">\n<h2 class=\"wp-block-heading\">Sille wy oerstappe?<\/h2>\n\n\n\n<div class=\"wp-block-buttons is-layout-flex wp-block-buttons-is-layout-flex\">\n<div class=\"wp-block-button\"><a class=\"wp-block-button__link wp-element-button\" href=\"https:\/\/www.registreer.frl\/frl\/hoe-wurket-it\/\">L\u00eas fierder<\/a><\/div>\n<\/div>\n<\/div>\n\n\n\n<div class=\"wp-block-column is-layout-flow wp-block-column-is-layout-flow\">\n<p>Hast al in website? Ek dan is in .frl-domein ynteressant. Bygelyks om\u2019tst dy d\u00earmei folle mear mei Frysl\u00e2n ferb\u00fbn fielst. Of om\u2019t dyn besteande domeinnamme in kompromis wie, en de perfekte domeinnamme binnen .frl w\u00f3l beskikber is. Oerstappe nei in .frl-domein is net dreech, mar moat wol mei de goede oandacht barre.<\/p>\n<\/div>\n<\/div>\n\n\n\t<\/div>\n<\/div>\n\n\t<\/div>\n<\/div>\n\n<div class=\"wp-block-whitespace large\" aria-hidden=\"true\"><\/div>\n\n\n<div class=\"wp-block-media-text is-stacked-on-mobile is-image-fill\"><figure class=\"wp-block-media-text__media\" style=\"background-image:url(https:\/\/www.registreer.frl\/wp-content\/uploads\/2023\/08\/registreer-frl.jpg);background-position:50% 50%\"><img loading=\"lazy\" decoding=\"async\" width=\"1920\" height=\"778\" src=\"https:\/\/www.registreer.frl\/wp-content\/uploads\/2023\/08\/registreer-frl.jpg\" alt=\"\" class=\"wp-image-52 size-full\" srcset=\"https:\/\/www.registreer.frl\/wp-content\/uploads\/2023\/08\/registreer-frl.jpg 1920w, https:\/\/www.registreer.frl\/wp-content\/uploads\/2023\/08\/registreer-frl-1200x486.jpg 1200w, https:\/\/www.registreer.frl\/wp-content\/uploads\/2023\/08\/registreer-frl-768x311.jpg 768w, https:\/\/www.registreer.frl\/wp-content\/uploads\/2023\/08\/registreer-frl-1536x622.jpg 1536w\" sizes=\"auto, (max-width: 1920px) 100vw, 1920px\" \/><\/figure><div class=\"wp-block-media-text__content\">\n<h2 class=\"wp-block-heading\">Oer \u00fas<\/h2>\n\n\n\n<p>Frysl\u00e2n is in unyk plak mei in rike kultuer, in eigen taal en in sterke mienskip. .frl bringt dy identiteit nei it wr\u00e2ldwide web, foar de 81.000 bedriuwen en de 650.000 ynwenners fan Frysl\u00e2n en foar de goed 2 miljoen Friezen dy\u2019t earne oars wenje en grutsk binne op harren kom\u00f4f.<\/p>\n\n\n\n<div class=\"wp-block-buttons is-layout-flex wp-block-buttons-is-layout-flex\">\n<div class=\"wp-block-button\"><a class=\"wp-block-button__link wp-element-button\" href=\"https:\/\/www.registreer.frl\/frl\/oer-frl\/\">L\u00eas fierder<\/a><\/div>\n<\/div>\n<\/div><\/div>\n\n\n<div class=\"wp-block-whitespace large\" aria-hidden=\"true\"><\/div>","protected":false},"excerpt":{"rendered":"","protected":false},"author":1,"featured_media":1356,"parent":0,"menu_order":16,"comment_status":"closed","ping_status":"closed","template":"","meta":{"_acf_changed":false,"inline_featured_image":false,"footnotes":""},"class_list":["post-1518","page","type-page","status-publish","has-post-thumbnail","hentry"],"acf":[],"yoast_head":"<!-- This site is optimized with the Yoast SEO plugin v27.5 - https:\/\/yoast.com\/product\/yoast-seo-wordpress\/ -->\n<title>W\u00earom .frl - Registreer FRL<\/title>\n<meta name=\"robots\" content=\"index, follow, max-snippet:-1, max-image-preview:large, max-video-preview:-1\" \/>\n<link rel=\"canonical\" href=\"https:\/\/www.registreer.frl\/frl\/werom-frl\/\" \/>\n<meta property=\"og:locale\" content=\"fr_FR\" \/>\n<meta property=\"og:type\" content=\"article\" \/>\n<meta property=\"og:title\" content=\"W\u00earom .frl - Registreer FRL\" \/>\n<meta property=\"og:url\" content=\"https:\/\/www.registreer.frl\/frl\/werom-frl\/\" \/>\n<meta property=\"og:site_name\" content=\"Registreer FRL\" \/>\n<meta property=\"article:modified_time\" content=\"2023-11-21T13:15:24+00:00\" \/>\n<meta property=\"og:image\" content=\"https:\/\/www.registreer.frl\/wp-content\/uploads\/2023\/11\/Skutsje-2.jpg\" \/>\n\t<meta property=\"og:image:width\" content=\"1793\" \/>\n\t<meta property=\"og:image:height\" content=\"726\" \/>\n\t<meta property=\"og:image:type\" content=\"image\/jpeg\" \/>\n<meta name=\"twitter:card\" content=\"summary_large_image\" \/>\n<meta name=\"twitter:label1\" content=\"Est. reading time\" \/>\n\t<meta name=\"twitter:data1\" content=\"1 minute\" \/>\n<script type=\"application\/ld+json\" class=\"yoast-schema-graph\">{\"@context\":\"https:\\\/\\\/schema.org\",\"@graph\":[{\"@type\":\"WebPage\",\"@id\":\"https:\\\/\\\/www.registreer.frl\\\/frl\\\/werom-frl\\\/\",\"url\":\"https:\\\/\\\/www.registreer.frl\\\/frl\\\/werom-frl\\\/\",\"name\":\"W\u00earom .frl - Registreer FRL\",\"isPartOf\":{\"@id\":\"https:\\\/\\\/www.registreer.frl\\\/frl\\\/#website\"},\"primaryImageOfPage\":{\"@id\":\"https:\\\/\\\/www.registreer.frl\\\/frl\\\/werom-frl\\\/#primaryimage\"},\"image\":{\"@id\":\"https:\\\/\\\/www.registreer.frl\\\/frl\\\/werom-frl\\\/#primaryimage\"},\"thumbnailUrl\":\"https:\\\/\\\/www.registreer.frl\\\/wp-content\\\/uploads\\\/2023\\\/11\\\/Skutsje-2.jpg\",\"datePublished\":\"2023-08-02T12:31:10+00:00\",\"dateModified\":\"2023-11-21T13:15:24+00:00\",\"breadcrumb\":{\"@id\":\"https:\\\/\\\/www.registreer.frl\\\/frl\\\/werom-frl\\\/#breadcrumb\"},\"inLanguage\":\"frl-FRL\",\"potentialAction\":[{\"@type\":\"ReadAction\",\"target\":[\"https:\\\/\\\/www.registreer.frl\\\/frl\\\/werom-frl\\\/\"]}]},{\"@type\":\"ImageObject\",\"inLanguage\":\"frl-FRL\",\"@id\":\"https:\\\/\\\/www.registreer.frl\\\/frl\\\/werom-frl\\\/#primaryimage\",\"url\":\"https:\\\/\\\/www.registreer.frl\\\/wp-content\\\/uploads\\\/2023\\\/11\\\/Skutsje-2.jpg\",\"contentUrl\":\"https:\\\/\\\/www.registreer.frl\\\/wp-content\\\/uploads\\\/2023\\\/11\\\/Skutsje-2.jpg\",\"width\":1793,\"height\":726},{\"@type\":\"BreadcrumbList\",\"@id\":\"https:\\\/\\\/www.registreer.frl\\\/frl\\\/werom-frl\\\/#breadcrumb\",\"itemListElement\":[{\"@type\":\"ListItem\",\"position\":1,\"name\":\"Home\",\"item\":\"https:\\\/\\\/www.registreer.frl\\\/frl\\\/\"},{\"@type\":\"ListItem\",\"position\":2,\"name\":\"W\u00earom .frl\"}]},{\"@type\":\"WebSite\",\"@id\":\"https:\\\/\\\/www.registreer.frl\\\/frl\\\/#website\",\"url\":\"https:\\\/\\\/www.registreer.frl\\\/frl\\\/\",\"name\":\"Registreer FRL\",\"description\":\"\",\"potentialAction\":[{\"@type\":\"SearchAction\",\"target\":{\"@type\":\"EntryPoint\",\"urlTemplate\":\"https:\\\/\\\/www.registreer.frl\\\/frl\\\/?s={search_term_string}\"},\"query-input\":{\"@type\":\"PropertyValueSpecification\",\"valueRequired\":true,\"valueName\":\"search_term_string\"}}],\"inLanguage\":\"frl-FRL\"}]}<\/script>\n<!-- \/ Yoast SEO plugin. -->","yoast_head_json":{"title":"W\u00earom .frl - Registreer FRL","robots":{"index":"index","follow":"follow","max-snippet":"max-snippet:-1","max-image-preview":"max-image-preview:large","max-video-preview":"max-video-preview:-1"},"canonical":"https:\/\/www.registreer.frl\/frl\/werom-frl\/","og_locale":"fr_FR","og_type":"article","og_title":"W\u00earom .frl - Registreer FRL","og_url":"https:\/\/www.registreer.frl\/frl\/werom-frl\/","og_site_name":"Registreer FRL","article_modified_time":"2023-11-21T13:15:24+00:00","og_image":[{"width":1793,"height":726,"url":"https:\/\/www.registreer.frl\/wp-content\/uploads\/2023\/11\/Skutsje-2.jpg","type":"image\/jpeg"}],"twitter_card":"summary_large_image","twitter_misc":{"Est. reading time":"1 minute"},"schema":{"@context":"https:\/\/schema.org","@graph":[{"@type":"WebPage","@id":"https:\/\/www.registreer.frl\/frl\/werom-frl\/","url":"https:\/\/www.registreer.frl\/frl\/werom-frl\/","name":"W\u00earom .frl - Registreer FRL","isPartOf":{"@id":"https:\/\/www.registreer.frl\/frl\/#website"},"primaryImageOfPage":{"@id":"https:\/\/www.registreer.frl\/frl\/werom-frl\/#primaryimage"},"image":{"@id":"https:\/\/www.registreer.frl\/frl\/werom-frl\/#primaryimage"},"thumbnailUrl":"https:\/\/www.registreer.frl\/wp-content\/uploads\/2023\/11\/Skutsje-2.jpg","datePublished":"2023-08-02T12:31:10+00:00","dateModified":"2023-11-21T13:15:24+00:00","breadcrumb":{"@id":"https:\/\/www.registreer.frl\/frl\/werom-frl\/#breadcrumb"},"inLanguage":"frl-FRL","potentialAction":[{"@type":"ReadAction","target":["https:\/\/www.registreer.frl\/frl\/werom-frl\/"]}]},{"@type":"ImageObject","inLanguage":"frl-FRL","@id":"https:\/\/www.registreer.frl\/frl\/werom-frl\/#primaryimage","url":"https:\/\/www.registreer.frl\/wp-content\/uploads\/2023\/11\/Skutsje-2.jpg","contentUrl":"https:\/\/www.registreer.frl\/wp-content\/uploads\/2023\/11\/Skutsje-2.jpg","width":1793,"height":726},{"@type":"BreadcrumbList","@id":"https:\/\/www.registreer.frl\/frl\/werom-frl\/#breadcrumb","itemListElement":[{"@type":"ListItem","position":1,"name":"Home","item":"https:\/\/www.registreer.frl\/frl\/"},{"@type":"ListItem","position":2,"name":"W\u00earom .frl"}]},{"@type":"WebSite","@id":"https:\/\/www.registreer.frl\/frl\/#website","url":"https:\/\/www.registreer.frl\/frl\/","name":"Registreer FRL","description":"","potentialAction":[{"@type":"SearchAction","target":{"@type":"EntryPoint","urlTemplate":"https:\/\/www.registreer.frl\/frl\/?s={search_term_string}"},"query-input":{"@type":"PropertyValueSpecification","valueRequired":true,"valueName":"search_term_string"}}],"inLanguage":"frl-FRL"}]}},"_links":{"self":[{"href":"https:\/\/www.registreer.frl\/frl\/wp-json\/wp\/v2\/pages\/1518","targetHints":{"allow":["GET"]}}],"collection":[{"href":"https:\/\/www.registreer.frl\/frl\/wp-json\/wp\/v2\/pages"}],"about":[{"href":"https:\/\/www.registreer.frl\/frl\/wp-json\/wp\/v2\/types\/page"}],"author":[{"embeddable":true,"href":"https:\/\/www.registreer.frl\/frl\/wp-json\/wp\/v2\/users\/1"}],"replies":[{"embeddable":true,"href":"https:\/\/www.registreer.frl\/frl\/wp-json\/wp\/v2\/comments?post=1518"}],"version-history":[{"count":5,"href":"https:\/\/www.registreer.frl\/frl\/wp-json\/wp\/v2\/pages\/1518\/revisions"}],"predecessor-version":[{"id":1763,"href":"https:\/\/www.registreer.frl\/frl\/wp-json\/wp\/v2\/pages\/1518\/revisions\/1763"}],"wp:featuredmedia":[{"embeddable":true,"href":"https:\/\/www.registreer.frl\/frl\/wp-json\/wp\/v2\/media\/1356"}],"wp:attachment":[{"href":"https:\/\/www.registreer.frl\/frl\/wp-json\/wp\/v2\/media?parent=1518"}],"curies":[{"name":"wp","href":"https:\/\/api.w.org\/{rel}","templated":true}]}}