{"id":1713,"date":"2023-09-07T09:30:20","date_gmt":"2023-09-07T07:30:20","guid":{"rendered":"https:\/\/registreerfrl.bwhsite.nl\/over-frl\/"},"modified":"2025-05-14T12:00:43","modified_gmt":"2025-05-14T10:00:43","slug":"oer-frl","status":"publish","type":"page","link":"https:\/\/www.registreer.frl\/frl\/oer-frl\/","title":{"rendered":"Oer .frl"},"content":{"rendered":"<div class=\"wp-block-whitespace medium\" aria-hidden=\"true\"><\/div>\n\n\n<div class=\"wp-block-columns is-layout-flex wp-container-core-columns-is-layout-9d6595d7 wp-block-columns-is-layout-flex\">\n<div class=\"wp-block-column is-layout-flow wp-block-column-is-layout-flow\" style=\"flex-basis:33.33%\">\n<h2 class=\"wp-block-heading\">Frysl\u00e2n is in unyk plak<\/h2>\n<\/div>\n\n\n\n<div class=\"wp-block-column is-layout-flow wp-block-column-is-layout-flow\" style=\"flex-basis:66.66%\">\n<p>Frysl\u00e2n is in unyk plak mei in rike kultuer, in eigen taal en in sterke mienskip. FRLregistry B.V. bringt dy identiteit nei it wr\u00e2ldwide web, foar de 81.000 bedriuwen en de 650.000 ynwenners fan Frysl\u00e2n en foar de goed 2 miljoen Friezen dy\u2019t earne oars wenje en grutsk binne op harren kom\u00f4f.<\/p>\n\n\n\n<p>S\u00fbnt 2015 hawwe sy mei .frl in feilige, tagonklike en betsjuttingsfolle domeinekstinsje yn hannen. In .frl-domein is der foar Friezen, troch Friezen.<\/p>\n<\/div>\n<\/div>\n\n\n<div class=\"wp-block-whitespace medium\" aria-hidden=\"true\"><\/div>\n\n\n<div class=\"block__container--wrapper  top-white bottom-grey split\">\n\t<div class=\"block__container\">\n\t\t\n\n<div class=\"block__call-to-action--wrapper main\">\n\t<div class=\"block__container\">\n\t\t\n\n<div class=\"wp-block-columns is-layout-flex wp-container-core-columns-is-layout-9d6595d7 wp-block-columns-is-layout-flex\">\n<div class=\"wp-block-column is-layout-flow wp-block-column-is-layout-flow\" style=\"flex-basis:33.33%\">\n<figure class=\"wp-block-image size-full\"><img loading=\"lazy\" decoding=\"async\" width=\"1165\" height=\"1384\" src=\"https:\/\/www.registreer.frl\/wp-content\/uploads\/2023\/11\/FRL-promotie-DE-Cafe.jpg\" alt=\"\" class=\"wp-image-1076\" srcset=\"https:\/\/www.registreer.frl\/wp-content\/uploads\/2023\/11\/FRL-promotie-DE-Cafe.jpg 1165w, https:\/\/www.registreer.frl\/wp-content\/uploads\/2023\/11\/FRL-promotie-DE-Cafe-1010x1200.jpg 1010w, https:\/\/www.registreer.frl\/wp-content\/uploads\/2023\/11\/FRL-promotie-DE-Cafe-768x912.jpg 768w\" sizes=\"auto, (max-width: 1165px) 100vw, 1165px\" \/><\/figure>\n<\/div>\n\n\n\n<div class=\"wp-block-column is-layout-flow wp-block-column-is-layout-flow\" style=\"flex-basis:66.66%\">\n<h2 class=\"wp-block-heading\">De lansearring<\/h2>\n\n\n\n<p>Yn 2015 sette .frl \u00fatein. Mei pioniers as Piet Paulusma, Boomsma, Tryater en fansels de Koninklijke Vereniging De Friesche Elf Steden waarden de Friezen waarmmakke foar de foarrangsfaze d\u00ear\u2019t Fryske organisaasjes en ynwenners it earste rjocht op harren domeinnamme yn hiene. Stipe troch in camperbus dy\u2019t by alle eveneminten del ried, televyzjereklames, <a href=\"https:\/\/www.registreer.frl\/wp-content\/uploads\/2025\/05\/PuntFRL_krant.pdf\" target=\"_blank\" rel=\"noreferrer noopener\">in echte .frl krante<\/a> en mear, koe gjin Fries mear om \u201cOp syn Frysk\u201d hinne. Yn dy foarrangsfaze binne hast 10.000 domeinen f\u00eastlein.<\/p>\n<\/div>\n<\/div>\n\n\n\t<\/div>\n<\/div>\n\n\t<\/div>\n<\/div>\n\n\n<div class=\"block__container--wrapper grey top- bottom- full\">\n\t<div class=\"block__container\">\n\t\t\n\n<p>Yntusken is .frl beskikber foar elkenien, ek foar net-Friezen mei in hert foar Frysl\u00e2n. Dochs is noch altyd 95% fan de .frl-domeinen troch Friezen registrearre.<\/p>\n\n\n\n<p>Kultuer en toerisme, MKB en multinational, ZZP&#8217;er en partikulier meitsje grutsk gebr\u00fbk fan de mooglikheden dy\u2019t harren eigen domeinekstinsje biedt. Om sjen te litten w\u00ear\u2019t harren woartels lizze, om\u2019t se yn .frl w\u00f3l de namme krije kinne dy&#8217;t se wolle, of ienf\u00e2ldichwei om\u2019t se mei hert en siel Frysk binne.<\/p>\n\n\n<div class=\"wp-block-whitespace medium\" aria-hidden=\"true\"><\/div>\n\n<div class=\"block__case-carrousel \">\t\t<div class=\"swiper-container case-carrousel\">\n\t\t\t<div class=\"swiper-wrapper\">  <div class=\"swiper-slide\">\n    <a href=\"https:\/\/doarpswurk.frl\" class=\"image\" target=\"_blank\" rel=\"noopener noreferrer\"><img loading=\"lazy\" decoding=\"async\" width=\"500\" height=\"500\" src=\"https:\/\/www.registreer.frl\/wp-content\/uploads\/2023\/09\/case-doarpswurk-500x500.jpg\" class=\"attachment-thumbnail size-thumbnail wp-post-image\" alt=\"\" \/>    <\/a>      <a href=\"https:\/\/doarpswurk.frl\" class=\"case-title\" target=\"_blank\" rel=\"noopener noreferrer\">\n        <span>doarpswurk.frl<\/span>\n      <\/a>    <div class=\"description\">\n      De grutte kr\u00eaft fan lyts sit yn \u00fas doarpen.    <\/div>\n  <\/div>  <div class=\"swiper-slide\">\n    <a href=\"https:\/\/musicaldetocht.frl\" class=\"image\" target=\"_blank\" rel=\"noopener noreferrer\"><img loading=\"lazy\" decoding=\"async\" width=\"500\" height=\"410\" src=\"https:\/\/www.registreer.frl\/wp-content\/uploads\/2023\/09\/case-detocht-500x410.jpg\" class=\"attachment-thumbnail size-thumbnail wp-post-image\" alt=\"\" \/>    <\/a>      <a href=\"https:\/\/musicaldetocht.frl\" class=\"case-title\" target=\"_blank\" rel=\"noopener noreferrer\">\n        <span>musicaldetocht.frl<\/span>\n      <\/a>    <div class=\"description\">\n      It giet oan \u2013 yn it Friso-te\u00e4ter yn Ljouwert.    <\/div>\n  <\/div>  <div class=\"swiper-slide\">\n    <a href=\"https:\/\/klompen.frl\" class=\"image\" target=\"_blank\" rel=\"noopener noreferrer\"><img loading=\"lazy\" decoding=\"async\" width=\"500\" height=\"500\" src=\"https:\/\/www.registreer.frl\/wp-content\/uploads\/2023\/09\/case-klompen-frl-500x500.webp\" class=\"attachment-thumbnail size-thumbnail wp-post-image\" alt=\"\" \/>    <\/a>      <a href=\"https:\/\/klompen.frl\" class=\"case-title\" target=\"_blank\" rel=\"noopener noreferrer\">\n        <span>klompen.frl<\/span>\n      <\/a>    <div class=\"description\">\n      Untdek de skiednis fan Nederl\u00e2ns \u00e2ldste fuotark.    <\/div>\n  <\/div>  <div class=\"swiper-slide\">\n    <a href=\"https:\/\/fryslan.frl\" class=\"image\" target=\"_blank\" rel=\"noopener noreferrer\"><img loading=\"lazy\" decoding=\"async\" width=\"500\" height=\"500\" src=\"https:\/\/www.registreer.frl\/wp-content\/uploads\/2023\/09\/Friese-vlag-500x500.jpg\" class=\"attachment-thumbnail size-thumbnail wp-post-image\" alt=\"\" \/>    <\/a>      <a href=\"https:\/\/fryslan.frl\" class=\"case-title\" target=\"_blank\" rel=\"noopener noreferrer\">\n        <span>fryslan.frl<\/span>\n      <\/a>    <div class=\"description\">\n      De provinsje Frysl\u00e2n stiet foar .frl.    <\/div>\n  <\/div>  <div class=\"swiper-slide\">\n    <a href=\"https:\/\/wrk.frl\" class=\"image\" target=\"_blank\" rel=\"noopener noreferrer\"><img loading=\"lazy\" decoding=\"async\" width=\"500\" height=\"500\" src=\"https:\/\/www.registreer.frl\/wp-content\/uploads\/2023\/09\/case-wrk-frl-500x500.jpg\" class=\"attachment-thumbnail size-thumbnail wp-post-image\" alt=\"\" \/>    <\/a>      <a href=\"https:\/\/wrk.frl\" class=\"case-title\" target=\"_blank\" rel=\"noopener noreferrer\">\n        <span>wrk.frl<\/span>\n      <\/a>    <div class=\"description\">\n      \u00cdt startpunt foar dyn (karri\u00eare)switch nei Frysl\u00e2n.    <\/div>\n  <\/div>\t\t\t<\/div>\n\t\t\t<div class=\"swiper-navs\">\n\t\t\t\t<div class=\"swiper-button-prev\"><\/div>\n\t\t\t\t<div class=\"swiper-button-next\"><\/div>\n\t\t\t<\/div>\n\t\t<\/div><\/div>\n\n\t<\/div>\n<\/div>\n\n\n<div class=\"block__container--wrapper  top-grey bottom-white split\">\n\t<div class=\"block__container\">\n\t\t\n\n<div class=\"block__call-to-action--wrapper dark\">\n\t<div class=\"block__container\">\n\t\t\n\n<div class=\"wp-block-columns is-layout-flex wp-container-core-columns-is-layout-9d6595d7 wp-block-columns-is-layout-flex\">\n<div class=\"wp-block-column is-layout-flow wp-block-column-is-layout-flow\" style=\"flex-basis:33.33%\">\n<figure class=\"wp-block-image size-large is-resized\"><img decoding=\"async\" src=\"https:\/\/www.registreer.frl\/wp-content\/uploads\/2023\/11\/Dotlocal_Logo_Wit.svg\" alt=\"\" class=\"wp-image-1158\" style=\"aspect-ratio:1;width:277px;height:auto\"\/><\/figure>\n<\/div>\n\n\n\n<div class=\"wp-block-column is-layout-flow wp-block-column-is-layout-flow\" style=\"flex-basis:66.66%\">\n<p>.frl is ien fan de domeinekstinsjes dy\u2019t troch Dotlocal mooglik makke wurde. Dotlocal stipet st\u00eaden en regio\u2019s yn it oanfreegjen en operearjen fan harren eigen domeinekstinsje. Dotlocal is aktyf lid fan de <a href=\"https:\/\/geotld.group\/\" target=\"_blank\" rel=\"noreferrer noopener\">geoTLD.group<\/a> en behertiget d\u00earyn de belangen fan .frl.<\/p>\n\n\n\n<div class=\"wp-block-buttons is-layout-flex wp-block-buttons-is-layout-flex\">\n<div class=\"wp-block-button is-style-fill\"><a class=\"wp-block-button__link wp-element-button\" href=\"https:\/\/www.dotlocal.com\" target=\"_blank\" rel=\"noreferrer noopener\">Mear oer Dotlocal<\/a><\/div>\n<\/div>\n<\/div>\n<\/div>\n\n\n\t<\/div>\n<\/div>\n\n\t<\/div>\n<\/div>\n\n<div class=\"wp-block-whitespace medium\" aria-hidden=\"true\"><\/div>\n\n\n<p>Foar registraasje fan in .frl-domein kinst by ien fan de oansletten <a href=\"https:\/\/www.registreer.frl\/frl\/registrars\/\">registrars of resellers<\/a> terjochte. De registraasjerjochtlinen en oare dokumintaasje oer .frl fynst op de <a href=\"https:\/\/www.registreer.frl\/frl\/policies\/\">Policies-side<\/a>. Mear ynformaasje oer hoe\u2019t .frl wurket en de faakstelde fragen binne beskikber op <a href=\"https:\/\/www.registreer.frl\/frl\/hoe-wurket-it\/\">Hoe wurket .frl<\/a>.<\/p>\n\n\n<div class=\"wp-block-whitespace large\" aria-hidden=\"true\"><\/div>","protected":false},"excerpt":{"rendered":"<p>Frysl\u00e2n is in unyk plak Frysl\u00e2n is in unyk plak mei in rike kultuer, in eigen taal en in sterke&#8230;<\/p>\n","protected":false},"author":1,"featured_media":1368,"parent":0,"menu_order":26,"comment_status":"closed","ping_status":"closed","template":"","meta":{"_acf_changed":false,"inline_featured_image":false,"footnotes":""},"class_list":["post-1713","page","type-page","status-publish","has-post-thumbnail","hentry"],"acf":[],"yoast_head":"<!-- This site is optimized with the Yoast SEO plugin v27.5 - https:\/\/yoast.com\/product\/yoast-seo-wordpress\/ -->\n<title>Oer .frl - Registreer FRL<\/title>\n<meta name=\"robots\" content=\"index, follow, max-snippet:-1, max-image-preview:large, max-video-preview:-1\" \/>\n<link rel=\"canonical\" href=\"https:\/\/www.registreer.frl\/frl\/oer-frl\/\" \/>\n<meta property=\"og:locale\" content=\"fr_FR\" \/>\n<meta property=\"og:type\" content=\"article\" \/>\n<meta property=\"og:title\" content=\"Oer .frl - Registreer FRL\" \/>\n<meta property=\"og:description\" content=\"Frysl\u00e2n is in unyk plak Frysl\u00e2n is in unyk plak mei in rike kultuer, in eigen taal en in sterke...\" \/>\n<meta property=\"og:url\" content=\"https:\/\/www.registreer.frl\/frl\/oer-frl\/\" \/>\n<meta property=\"og:site_name\" content=\"Registreer FRL\" \/>\n<meta property=\"article:modified_time\" content=\"2025-05-14T10:00:43+00:00\" \/>\n<meta property=\"og:image\" content=\"https:\/\/www.registreer.frl\/wp-content\/uploads\/2023\/11\/Meer-zonsondergang.jpg\" \/>\n\t<meta property=\"og:image:width\" content=\"1800\" \/>\n\t<meta property=\"og:image:height\" content=\"729\" \/>\n\t<meta property=\"og:image:type\" content=\"image\/jpeg\" \/>\n<meta name=\"twitter:card\" content=\"summary_large_image\" \/>\n<meta name=\"twitter:label1\" content=\"Est. reading time\" \/>\n\t<meta name=\"twitter:data1\" content=\"3 minutes\" \/>\n<script type=\"application\/ld+json\" class=\"yoast-schema-graph\">{\"@context\":\"https:\\\/\\\/schema.org\",\"@graph\":[{\"@type\":\"WebPage\",\"@id\":\"https:\\\/\\\/www.registreer.frl\\\/frl\\\/oer-frl\\\/\",\"url\":\"https:\\\/\\\/www.registreer.frl\\\/frl\\\/oer-frl\\\/\",\"name\":\"Oer .frl - Registreer FRL\",\"isPartOf\":{\"@id\":\"https:\\\/\\\/www.registreer.frl\\\/frl\\\/#website\"},\"primaryImageOfPage\":{\"@id\":\"https:\\\/\\\/www.registreer.frl\\\/frl\\\/oer-frl\\\/#primaryimage\"},\"image\":{\"@id\":\"https:\\\/\\\/www.registreer.frl\\\/frl\\\/oer-frl\\\/#primaryimage\"},\"thumbnailUrl\":\"https:\\\/\\\/www.registreer.frl\\\/wp-content\\\/uploads\\\/2023\\\/11\\\/Meer-zonsondergang.jpg\",\"datePublished\":\"2023-09-07T07:30:20+00:00\",\"dateModified\":\"2025-05-14T10:00:43+00:00\",\"breadcrumb\":{\"@id\":\"https:\\\/\\\/www.registreer.frl\\\/frl\\\/oer-frl\\\/#breadcrumb\"},\"inLanguage\":\"frl-FRL\",\"potentialAction\":[{\"@type\":\"ReadAction\",\"target\":[\"https:\\\/\\\/www.registreer.frl\\\/frl\\\/oer-frl\\\/\"]}]},{\"@type\":\"ImageObject\",\"inLanguage\":\"frl-FRL\",\"@id\":\"https:\\\/\\\/www.registreer.frl\\\/frl\\\/oer-frl\\\/#primaryimage\",\"url\":\"https:\\\/\\\/www.registreer.frl\\\/wp-content\\\/uploads\\\/2023\\\/11\\\/Meer-zonsondergang.jpg\",\"contentUrl\":\"https:\\\/\\\/www.registreer.frl\\\/wp-content\\\/uploads\\\/2023\\\/11\\\/Meer-zonsondergang.jpg\",\"width\":1800,\"height\":729,\"caption\":\"water\"},{\"@type\":\"BreadcrumbList\",\"@id\":\"https:\\\/\\\/www.registreer.frl\\\/frl\\\/oer-frl\\\/#breadcrumb\",\"itemListElement\":[{\"@type\":\"ListItem\",\"position\":1,\"name\":\"Home\",\"item\":\"https:\\\/\\\/www.registreer.frl\\\/frl\\\/\"},{\"@type\":\"ListItem\",\"position\":2,\"name\":\"Oer .frl\"}]},{\"@type\":\"WebSite\",\"@id\":\"https:\\\/\\\/www.registreer.frl\\\/frl\\\/#website\",\"url\":\"https:\\\/\\\/www.registreer.frl\\\/frl\\\/\",\"name\":\"Registreer FRL\",\"description\":\"\",\"potentialAction\":[{\"@type\":\"SearchAction\",\"target\":{\"@type\":\"EntryPoint\",\"urlTemplate\":\"https:\\\/\\\/www.registreer.frl\\\/frl\\\/?s={search_term_string}\"},\"query-input\":{\"@type\":\"PropertyValueSpecification\",\"valueRequired\":true,\"valueName\":\"search_term_string\"}}],\"inLanguage\":\"frl-FRL\"}]}<\/script>\n<!-- \/ Yoast SEO plugin. -->","yoast_head_json":{"title":"Oer .frl - Registreer FRL","robots":{"index":"index","follow":"follow","max-snippet":"max-snippet:-1","max-image-preview":"max-image-preview:large","max-video-preview":"max-video-preview:-1"},"canonical":"https:\/\/www.registreer.frl\/frl\/oer-frl\/","og_locale":"fr_FR","og_type":"article","og_title":"Oer .frl - Registreer FRL","og_description":"Frysl\u00e2n is in unyk plak Frysl\u00e2n is in unyk plak mei in rike kultuer, in eigen taal en in sterke...","og_url":"https:\/\/www.registreer.frl\/frl\/oer-frl\/","og_site_name":"Registreer FRL","article_modified_time":"2025-05-14T10:00:43+00:00","og_image":[{"width":1800,"height":729,"url":"https:\/\/www.registreer.frl\/wp-content\/uploads\/2023\/11\/Meer-zonsondergang.jpg","type":"image\/jpeg"}],"twitter_card":"summary_large_image","twitter_misc":{"Est. reading time":"3 minutes"},"schema":{"@context":"https:\/\/schema.org","@graph":[{"@type":"WebPage","@id":"https:\/\/www.registreer.frl\/frl\/oer-frl\/","url":"https:\/\/www.registreer.frl\/frl\/oer-frl\/","name":"Oer .frl - Registreer FRL","isPartOf":{"@id":"https:\/\/www.registreer.frl\/frl\/#website"},"primaryImageOfPage":{"@id":"https:\/\/www.registreer.frl\/frl\/oer-frl\/#primaryimage"},"image":{"@id":"https:\/\/www.registreer.frl\/frl\/oer-frl\/#primaryimage"},"thumbnailUrl":"https:\/\/www.registreer.frl\/wp-content\/uploads\/2023\/11\/Meer-zonsondergang.jpg","datePublished":"2023-09-07T07:30:20+00:00","dateModified":"2025-05-14T10:00:43+00:00","breadcrumb":{"@id":"https:\/\/www.registreer.frl\/frl\/oer-frl\/#breadcrumb"},"inLanguage":"frl-FRL","potentialAction":[{"@type":"ReadAction","target":["https:\/\/www.registreer.frl\/frl\/oer-frl\/"]}]},{"@type":"ImageObject","inLanguage":"frl-FRL","@id":"https:\/\/www.registreer.frl\/frl\/oer-frl\/#primaryimage","url":"https:\/\/www.registreer.frl\/wp-content\/uploads\/2023\/11\/Meer-zonsondergang.jpg","contentUrl":"https:\/\/www.registreer.frl\/wp-content\/uploads\/2023\/11\/Meer-zonsondergang.jpg","width":1800,"height":729,"caption":"water"},{"@type":"BreadcrumbList","@id":"https:\/\/www.registreer.frl\/frl\/oer-frl\/#breadcrumb","itemListElement":[{"@type":"ListItem","position":1,"name":"Home","item":"https:\/\/www.registreer.frl\/frl\/"},{"@type":"ListItem","position":2,"name":"Oer .frl"}]},{"@type":"WebSite","@id":"https:\/\/www.registreer.frl\/frl\/#website","url":"https:\/\/www.registreer.frl\/frl\/","name":"Registreer FRL","description":"","potentialAction":[{"@type":"SearchAction","target":{"@type":"EntryPoint","urlTemplate":"https:\/\/www.registreer.frl\/frl\/?s={search_term_string}"},"query-input":{"@type":"PropertyValueSpecification","valueRequired":true,"valueName":"search_term_string"}}],"inLanguage":"frl-FRL"}]}},"_links":{"self":[{"href":"https:\/\/www.registreer.frl\/frl\/wp-json\/wp\/v2\/pages\/1713","targetHints":{"allow":["GET"]}}],"collection":[{"href":"https:\/\/www.registreer.frl\/frl\/wp-json\/wp\/v2\/pages"}],"about":[{"href":"https:\/\/www.registreer.frl\/frl\/wp-json\/wp\/v2\/types\/page"}],"author":[{"embeddable":true,"href":"https:\/\/www.registreer.frl\/frl\/wp-json\/wp\/v2\/users\/1"}],"replies":[{"embeddable":true,"href":"https:\/\/www.registreer.frl\/frl\/wp-json\/wp\/v2\/comments?post=1713"}],"version-history":[{"count":5,"href":"https:\/\/www.registreer.frl\/frl\/wp-json\/wp\/v2\/pages\/1713\/revisions"}],"predecessor-version":[{"id":2436,"href":"https:\/\/www.registreer.frl\/frl\/wp-json\/wp\/v2\/pages\/1713\/revisions\/2436"}],"wp:featuredmedia":[{"embeddable":true,"href":"https:\/\/www.registreer.frl\/frl\/wp-json\/wp\/v2\/media\/1368"}],"wp:attachment":[{"href":"https:\/\/www.registreer.frl\/frl\/wp-json\/wp\/v2\/media?parent=1713"}],"curies":[{"name":"wp","href":"https:\/\/api.w.org\/{rel}","templated":true}]}}