{"id":1719,"date":"2023-07-25T12:20:18","date_gmt":"2023-07-25T12:20:18","guid":{"rendered":"https:\/\/registreerfrl.bwhsite.nl\/privacy\/"},"modified":"2026-03-03T11:00:07","modified_gmt":"2026-03-03T10:00:07","slug":"privacy","status":"publish","type":"page","link":"https:\/\/www.registreer.frl\/frl\/privacy\/","title":{"rendered":"Privacybelied"},"content":{"rendered":"<div class=\"wp-block-whitespace medium\" aria-hidden=\"true\"><\/div>\n\n\n<p>FRLregistry B.V. hantearret as \u00fatgongspunt it sammeljen fan sa min mooglik persoansgegevens. Wat kinst ferwachtsje ast \u00fas webside besikest?<\/p>\n\n\n\n<h2 class=\"wp-block-heading\">Tapaslikheid<\/h2>\n\n\n\n<p>Dit privacybelied is fan tapassing op de ferwurking fan de troch de br\u00fbker trochj\u00fbne persoanlike ynformaasje (persoansgegevens) en gegevens dy\u2019t krigen binne troch it gebr\u00fbk fan \u00fas tsjinsten.<\/p>\n\n\n\n<h2 class=\"wp-block-heading\">Persoansgegevens<\/h2>\n\n\n\n<p><strong>Hoe sammelet FRLregistry B.V. persoansgegevens?<\/strong><br>FRLregistry B.V. sammelet persoansgegevens ast ynteresse toanst yn \u00fas tsjinsten, bygelyks troch it oanmelden by de nijsbrief of ast kontakt mei \u00fas opnimst. Guon fan dy gegevens jilde as persoansgegevens.<\/p>\n\n\n\n<p><strong>Hokker persoansgegevens sammelet FRLregistry B.V.?<\/strong><br>FRLregistry B.V. sammelet kontaktgegevens lykas dyn namme, adres, telefoann\u00fbmer en e-mailadres ast dy oanmeldst by \u00fas nijsbrief of ast kontakt mei \u00fas opnimst. Fierder bewarje wy de e-mailkonversaasjes.<\/p>\n\n\n\n<p><strong>W\u00earom sammelet FRLregistry B.V. persoansgegevens?<\/strong><br>FRLregistry B.V. ferwurket persoansgegevens om \u00fas tsjinsten leverje te kinnen.<\/p>\n\n\n\n<p><strong>Dyn persoansgegevens en tredde partijen<\/strong><br>FRLregistry B.V. ferkeapet dyn persoansgegevens nea oan tredde partijen. De Algemiene Feroardering Gegevensbeskerming (AVG) is fan tapassing op al \u00fas tsjinsten.<\/p>\n\n\n\n<h2 class=\"wp-block-heading\">Cookies<\/h2>\n\n\n\n<p>Dit is in algemiene beskriuwing fan hoe\u2019t FRLregistry B.V. cookies br\u00fbkt. Sjoch foar alle details \u00fas <a href=\"https:\/\/www.registreer.frl\/frl\/cookiebeleid\/\">cookiebelied<\/a>.<\/p>\n\n\n\n<p><strong>Wat binne cookies?<\/strong><br>In cookie is in lyts tekstbestantsje dat troch dyn browser op dyn kompj\u00fbter, telefoan of tablet bewarre wurdt. Mei dy bestantsjes kinne we dy werkenne by dyn besite en by in ferfolchbesite.<\/p>\n\n\n\n<p><strong>Hokker cookies br\u00fbkt FRLregistry B.V.?<\/strong><br>FRLregistry B.V. br\u00fbkt needsaaklike cookies om bygelyks ynstellingen of foarkarren te \u00fbnth\u00e2lden by in besite oan de webside of foar in folgjende besite. D\u00earneist br\u00fbkt FRLregistry B.V. de statistiken fan Google Analytics om it websidegebr\u00fbk analysearje te kinnen en de webside optimalisearje te kinnen. D\u00earfoar wurde needsaaklike en analytyske cookies pleatst. De gegevens binnen dy cookies binne net werom te lieden nei persoansgegevens. D\u00earom wurdt gjin eksplisite tastimming fan de gebr\u00fbker frege.<\/p>\n\n\n\n<p>Fierder br\u00fbkt FRLregistry B.V. marketingcookies fan Meta, LinkedIn en TikTok om besikers te folgjen wannear\u2019t se ferskillende websiden opsykje. Har doel is om advertinsjes wer te jaan dy\u2019t \u00f4fstimd binne op en relevant binne foar de yndividuele br\u00fbker. Dy advertinsjes wurde sa weardefoller foar \u00fatjouwers en eksterne advertearders. Dy cookies wurde allinnich pleatst ast d\u00ear tastimming foar j\u00fbn hast.<\/p>\n\n\n\n<p><strong>Wolst hielendal gjin cookies?<\/strong><br>Dat kin fia de ynstelling fan dyn browser.<\/p>\n\n\n\n<h2 class=\"wp-block-heading\" id=\"block-24378c93-39b4-4aba-bfdd-e51744accd6e\">Ynformaasjefeiligensbelied<\/h2>\n\n\n\n<p id=\"block-7b78266b-5983-4a47-8b85-70667098d2f4\">Op it m\u00ead fan ynformaasjefeiligen folget FRLregistry B.V. itselde belied as susterbedriuw Metaregistrar. Dit ynformaasjebefeiligingsbelied kinst <a href=\"https:\/\/metaregistrar.com\/wp-content\/uploads\/2022\/10\/Information-Security-Policy-Metaregistrar.pdf\" target=\"_blank\" rel=\"noreferrer noopener\">hjir<\/a> delhelje.<\/p>\n\n\n<div class=\"wp-block-whitespace medium\" aria-hidden=\"true\"><\/div>","protected":false},"excerpt":{"rendered":"<p>FRLregistry B.V. hantearret as \u00fatgongspunt it sammeljen fan sa min mooglik persoansgegevens. Wat kinst ferwachtsje ast \u00fas webside besikest? Tapaslikheid&#8230;<\/p>\n","protected":false},"author":1,"featured_media":1375,"parent":0,"menu_order":31,"comment_status":"closed","ping_status":"open","template":"","meta":{"_acf_changed":false,"inline_featured_image":false,"footnotes":""},"class_list":["post-1719","page","type-page","status-publish","has-post-thumbnail","hentry"],"acf":[],"yoast_head":"<!-- This site is optimized with the Yoast SEO plugin v27.5 - https:\/\/yoast.com\/product\/yoast-seo-wordpress\/ -->\n<title>Privacybelied - Registreer FRL<\/title>\n<meta name=\"robots\" content=\"index, follow, max-snippet:-1, max-image-preview:large, max-video-preview:-1\" \/>\n<link rel=\"canonical\" href=\"https:\/\/www.registreer.frl\/frl\/privacy\/\" \/>\n<meta property=\"og:locale\" content=\"fr_FR\" \/>\n<meta property=\"og:type\" content=\"article\" \/>\n<meta property=\"og:title\" content=\"Privacybelied - Registreer FRL\" \/>\n<meta property=\"og:description\" content=\"FRLregistry B.V. hantearret as \u00fatgongspunt it sammeljen fan sa min mooglik persoansgegevens. Wat kinst ferwachtsje ast \u00fas webside besikest? Tapaslikheid...\" \/>\n<meta property=\"og:url\" content=\"https:\/\/www.registreer.frl\/frl\/privacy\/\" \/>\n<meta property=\"og:site_name\" content=\"Registreer FRL\" \/>\n<meta property=\"article:modified_time\" content=\"2026-03-03T10:00:07+00:00\" \/>\n<meta property=\"og:image\" content=\"https:\/\/www.registreer.frl\/wp-content\/uploads\/2023\/11\/Havenmond.jpg\" \/>\n\t<meta property=\"og:image:width\" content=\"1798\" \/>\n\t<meta property=\"og:image:height\" content=\"729\" \/>\n\t<meta property=\"og:image:type\" content=\"image\/jpeg\" \/>\n<meta name=\"twitter:card\" content=\"summary_large_image\" \/>\n<meta name=\"twitter:label1\" content=\"Est. reading time\" \/>\n\t<meta name=\"twitter:data1\" content=\"3 minutes\" \/>\n<script type=\"application\/ld+json\" class=\"yoast-schema-graph\">{\"@context\":\"https:\\\/\\\/schema.org\",\"@graph\":[{\"@type\":\"WebPage\",\"@id\":\"https:\\\/\\\/www.registreer.frl\\\/frl\\\/privacy\\\/\",\"url\":\"https:\\\/\\\/www.registreer.frl\\\/frl\\\/privacy\\\/\",\"name\":\"Privacybelied - Registreer FRL\",\"isPartOf\":{\"@id\":\"https:\\\/\\\/www.registreer.frl\\\/frl\\\/#website\"},\"primaryImageOfPage\":{\"@id\":\"https:\\\/\\\/www.registreer.frl\\\/frl\\\/privacy\\\/#primaryimage\"},\"image\":{\"@id\":\"https:\\\/\\\/www.registreer.frl\\\/frl\\\/privacy\\\/#primaryimage\"},\"thumbnailUrl\":\"https:\\\/\\\/www.registreer.frl\\\/wp-content\\\/uploads\\\/2023\\\/11\\\/Havenmond.jpg\",\"datePublished\":\"2023-07-25T12:20:18+00:00\",\"dateModified\":\"2026-03-03T10:00:07+00:00\",\"breadcrumb\":{\"@id\":\"https:\\\/\\\/www.registreer.frl\\\/frl\\\/privacy\\\/#breadcrumb\"},\"inLanguage\":\"frl-FRL\",\"potentialAction\":[{\"@type\":\"ReadAction\",\"target\":[\"https:\\\/\\\/www.registreer.frl\\\/frl\\\/privacy\\\/\"]}]},{\"@type\":\"ImageObject\",\"inLanguage\":\"frl-FRL\",\"@id\":\"https:\\\/\\\/www.registreer.frl\\\/frl\\\/privacy\\\/#primaryimage\",\"url\":\"https:\\\/\\\/www.registreer.frl\\\/wp-content\\\/uploads\\\/2023\\\/11\\\/Havenmond.jpg\",\"contentUrl\":\"https:\\\/\\\/www.registreer.frl\\\/wp-content\\\/uploads\\\/2023\\\/11\\\/Havenmond.jpg\",\"width\":1798,\"height\":729,\"caption\":\"Friesland, laaksum, The Netherlands\"},{\"@type\":\"BreadcrumbList\",\"@id\":\"https:\\\/\\\/www.registreer.frl\\\/frl\\\/privacy\\\/#breadcrumb\",\"itemListElement\":[{\"@type\":\"ListItem\",\"position\":1,\"name\":\"Home\",\"item\":\"https:\\\/\\\/www.registreer.frl\\\/frl\\\/\"},{\"@type\":\"ListItem\",\"position\":2,\"name\":\"Privacybelied\"}]},{\"@type\":\"WebSite\",\"@id\":\"https:\\\/\\\/www.registreer.frl\\\/frl\\\/#website\",\"url\":\"https:\\\/\\\/www.registreer.frl\\\/frl\\\/\",\"name\":\"Registreer FRL\",\"description\":\"\",\"potentialAction\":[{\"@type\":\"SearchAction\",\"target\":{\"@type\":\"EntryPoint\",\"urlTemplate\":\"https:\\\/\\\/www.registreer.frl\\\/frl\\\/?s={search_term_string}\"},\"query-input\":{\"@type\":\"PropertyValueSpecification\",\"valueRequired\":true,\"valueName\":\"search_term_string\"}}],\"inLanguage\":\"frl-FRL\"}]}<\/script>\n<!-- \/ Yoast SEO plugin. -->","yoast_head_json":{"title":"Privacybelied - Registreer FRL","robots":{"index":"index","follow":"follow","max-snippet":"max-snippet:-1","max-image-preview":"max-image-preview:large","max-video-preview":"max-video-preview:-1"},"canonical":"https:\/\/www.registreer.frl\/frl\/privacy\/","og_locale":"fr_FR","og_type":"article","og_title":"Privacybelied - Registreer FRL","og_description":"FRLregistry B.V. hantearret as \u00fatgongspunt it sammeljen fan sa min mooglik persoansgegevens. Wat kinst ferwachtsje ast \u00fas webside besikest? Tapaslikheid...","og_url":"https:\/\/www.registreer.frl\/frl\/privacy\/","og_site_name":"Registreer FRL","article_modified_time":"2026-03-03T10:00:07+00:00","og_image":[{"width":1798,"height":729,"url":"https:\/\/www.registreer.frl\/wp-content\/uploads\/2023\/11\/Havenmond.jpg","type":"image\/jpeg"}],"twitter_card":"summary_large_image","twitter_misc":{"Est. reading time":"3 minutes"},"schema":{"@context":"https:\/\/schema.org","@graph":[{"@type":"WebPage","@id":"https:\/\/www.registreer.frl\/frl\/privacy\/","url":"https:\/\/www.registreer.frl\/frl\/privacy\/","name":"Privacybelied - Registreer FRL","isPartOf":{"@id":"https:\/\/www.registreer.frl\/frl\/#website"},"primaryImageOfPage":{"@id":"https:\/\/www.registreer.frl\/frl\/privacy\/#primaryimage"},"image":{"@id":"https:\/\/www.registreer.frl\/frl\/privacy\/#primaryimage"},"thumbnailUrl":"https:\/\/www.registreer.frl\/wp-content\/uploads\/2023\/11\/Havenmond.jpg","datePublished":"2023-07-25T12:20:18+00:00","dateModified":"2026-03-03T10:00:07+00:00","breadcrumb":{"@id":"https:\/\/www.registreer.frl\/frl\/privacy\/#breadcrumb"},"inLanguage":"frl-FRL","potentialAction":[{"@type":"ReadAction","target":["https:\/\/www.registreer.frl\/frl\/privacy\/"]}]},{"@type":"ImageObject","inLanguage":"frl-FRL","@id":"https:\/\/www.registreer.frl\/frl\/privacy\/#primaryimage","url":"https:\/\/www.registreer.frl\/wp-content\/uploads\/2023\/11\/Havenmond.jpg","contentUrl":"https:\/\/www.registreer.frl\/wp-content\/uploads\/2023\/11\/Havenmond.jpg","width":1798,"height":729,"caption":"Friesland, laaksum, The Netherlands"},{"@type":"BreadcrumbList","@id":"https:\/\/www.registreer.frl\/frl\/privacy\/#breadcrumb","itemListElement":[{"@type":"ListItem","position":1,"name":"Home","item":"https:\/\/www.registreer.frl\/frl\/"},{"@type":"ListItem","position":2,"name":"Privacybelied"}]},{"@type":"WebSite","@id":"https:\/\/www.registreer.frl\/frl\/#website","url":"https:\/\/www.registreer.frl\/frl\/","name":"Registreer FRL","description":"","potentialAction":[{"@type":"SearchAction","target":{"@type":"EntryPoint","urlTemplate":"https:\/\/www.registreer.frl\/frl\/?s={search_term_string}"},"query-input":{"@type":"PropertyValueSpecification","valueRequired":true,"valueName":"search_term_string"}}],"inLanguage":"frl-FRL"}]}},"_links":{"self":[{"href":"https:\/\/www.registreer.frl\/frl\/wp-json\/wp\/v2\/pages\/1719","targetHints":{"allow":["GET"]}}],"collection":[{"href":"https:\/\/www.registreer.frl\/frl\/wp-json\/wp\/v2\/pages"}],"about":[{"href":"https:\/\/www.registreer.frl\/frl\/wp-json\/wp\/v2\/types\/page"}],"author":[{"embeddable":true,"href":"https:\/\/www.registreer.frl\/frl\/wp-json\/wp\/v2\/users\/1"}],"replies":[{"embeddable":true,"href":"https:\/\/www.registreer.frl\/frl\/wp-json\/wp\/v2\/comments?post=1719"}],"version-history":[{"count":4,"href":"https:\/\/www.registreer.frl\/frl\/wp-json\/wp\/v2\/pages\/1719\/revisions"}],"predecessor-version":[{"id":2605,"href":"https:\/\/www.registreer.frl\/frl\/wp-json\/wp\/v2\/pages\/1719\/revisions\/2605"}],"wp:featuredmedia":[{"embeddable":true,"href":"https:\/\/www.registreer.frl\/frl\/wp-json\/wp\/v2\/media\/1375"}],"wp:attachment":[{"href":"https:\/\/www.registreer.frl\/frl\/wp-json\/wp\/v2\/media?parent=1719"}],"curies":[{"name":"wp","href":"https:\/\/api.w.org\/{rel}","templated":true}]}}