{"id":1728,"date":"2023-08-02T14:31:47","date_gmt":"2023-08-02T12:31:47","guid":{"rendered":"https:\/\/registreerfrl.bwhsite.nl\/registrars\/"},"modified":"2023-12-04T16:03:43","modified_gmt":"2023-12-04T15:03:43","slug":"registrars","status":"publish","type":"page","link":"https:\/\/www.registreer.frl\/frl\/registrars\/","title":{"rendered":"Registrars"},"content":{"rendered":"<div class=\"wp-block-whitespace small\" aria-hidden=\"true\"><\/div>\n\n\n<div class=\"wp-block-columns is-layout-flex wp-container-core-columns-is-layout-9d6595d7 wp-block-columns-is-layout-flex\">\n<div class=\"wp-block-column is-layout-flow wp-block-column-is-layout-flow\" style=\"flex-basis:33.33%\"><\/div>\n\n\n\n<div class=\"wp-block-column is-layout-flow wp-block-column-is-layout-flow\" style=\"flex-basis:66.66%\">\n<div class=\"wp-block-buttons is-layout-flex wp-block-buttons-is-layout-flex\">\n<div class=\"wp-block-button\"><a class=\"wp-block-button__link wp-element-button\" href=\"https:\/\/www.registreer.frl\/frl\/registrars\/#nieuwe-registrar\">Registrar wurde<\/a><\/div>\n\n\n\n<div class=\"wp-block-button is-style-outline is-style-outline--1\"><a class=\"wp-block-button__link wp-element-button\" href=\"https:\/\/registrar-console.centralnic.com\/\" target=\"_blank\" rel=\"noreferrer noopener\">Registrar-login<\/a><\/div>\n<\/div>\n<\/div>\n<\/div>\n\n\n<div class=\"wp-block-whitespace small\" aria-hidden=\"true\"><\/div>\n\n\n<div class=\"block__container--wrapper grey top- bottom- full\">\n\t<div class=\"block__container\">\n\t\t\n\n<div class=\"wp-block-columns is-layout-flex wp-container-core-columns-is-layout-9d6595d7 wp-block-columns-is-layout-flex\">\n<div class=\"wp-block-column is-layout-flow wp-block-column-is-layout-flow\" style=\"flex-basis:33.33%\">\n<h2 class=\"wp-block-heading\">Registrars en resellers<\/h2>\n<\/div>\n\n\n\n<div class=\"wp-block-column is-layout-flow wp-block-column-is-layout-flow\" style=\"flex-basis:66.67%\">\n<p>By \u00fbndersteande partijen kinst dyn .frl-domein registrearje. Registrars stean \u00fbnder direkt kontrakt mei FRLregistry, resellers nimme .frl yndirekt \u00f4f fia registrars. Bist registrar of reseller en stiest noch net yn \u2019e list? Nim dan <a href=\"https:\/\/www.registreer.frl\/frl\/kontakt\/\">kontakt<\/a> mei \u00fas op.<\/p>\n<\/div>\n<\/div>\n\n\n<div class=\"wp-block-whitespace medium\" aria-hidden=\"true\"><\/div>\n\n\n<div class=\"block__registrars-grid \"><h2>Frysl\u00e2n<\/h2><h3>Resellers<\/h3><div class=\"registrars-grid\">    <a href=\"https:\/\/www.knoop.frl\"\n      title=\"Knooppunt intermedia\"\n      target=\"_blank\" \n      class=\"registrar\">\n      <img loading=\"lazy\" decoding=\"async\" width=\"253\" height=\"114\" src=\"https:\/\/www.registreer.frl\/wp-content\/uploads\/2023\/11\/logo-knooppunt-frl.png\" class=\"attachment- size- wp-post-image\" alt=\"\" \/>    <\/a>    <a href=\"https:\/\/www.kras-it.frl\/\"\n      title=\"Kras IT\"\n      target=\"_blank\" \n      class=\"registrar\">\n      <img loading=\"lazy\" decoding=\"async\" width=\"274\" height=\"162\" src=\"https:\/\/www.registreer.frl\/wp-content\/uploads\/2023\/11\/Kras-IT-logo.png\" class=\"attachment- size- wp-post-image\" alt=\"\" \/>    <\/a>    <a href=\"https:\/\/www.mosthosted.com\"\n      title=\"MostHosted\"\n      target=\"_blank\" \n      class=\"registrar\">\n      <img loading=\"lazy\" decoding=\"async\" width=\"350\" height=\"48\" src=\"https:\/\/www.registreer.frl\/wp-content\/uploads\/2023\/11\/MostHosted-logo.png\" class=\"attachment- size- wp-post-image\" alt=\"\" \/>    <\/a>    <a href=\"https:\/\/www.it-works.frl\/\"\n      title=\"IT-Works\"\n      target=\"_blank\" \n      class=\"registrar\">\n      <img loading=\"lazy\" decoding=\"async\" width=\"303\" height=\"80\" src=\"https:\/\/www.registreer.frl\/wp-content\/uploads\/2023\/09\/IT-Works.png\" class=\"attachment- size- wp-post-image\" alt=\"\" \/>    <\/a>    <a href=\"https:\/\/www.xxlhosting.nl\"\n      title=\"XXL Hosting\"\n      target=\"_blank\" \n      class=\"registrar\">\n      <img loading=\"lazy\" decoding=\"async\" width=\"2880\" height=\"1209\" src=\"https:\/\/www.registreer.frl\/wp-content\/uploads\/2023\/09\/XXLhosting.png\" class=\"attachment- size- wp-post-image\" alt=\"\" srcset=\"https:\/\/www.registreer.frl\/wp-content\/uploads\/2023\/09\/XXLhosting.png 2880w, https:\/\/www.registreer.frl\/wp-content\/uploads\/2023\/09\/XXLhosting-1200x504.png 1200w, https:\/\/www.registreer.frl\/wp-content\/uploads\/2023\/09\/XXLhosting-1920x806.png 1920w, https:\/\/www.registreer.frl\/wp-content\/uploads\/2023\/09\/XXLhosting-768x322.png 768w, https:\/\/www.registreer.frl\/wp-content\/uploads\/2023\/09\/XXLhosting-1536x645.png 1536w, https:\/\/www.registreer.frl\/wp-content\/uploads\/2023\/09\/XXLhosting-2048x860.png 2048w\" sizes=\"auto, (max-width: 2880px) 100vw, 2880px\" \/>    <\/a><\/div><h2>Nederl\u00e2n<\/h2><h3>Registrars<\/h3><div class=\"registrars-grid\">    <a href=\"https:\/\/metaregistrar.com\"\n      title=\"Metaregistrar\"\n      target=\"_blank\" \n      class=\"registrar\">\n      <img loading=\"lazy\" decoding=\"async\" width=\"1\" height=\"1\" src=\"https:\/\/www.registreer.frl\/wp-content\/uploads\/2023\/09\/Metaregistrar-1.svg\" class=\"attachment- size- wp-post-image\" alt=\"\" \/>    <\/a>    <a href=\"https:\/\/realtimeregister.com\"\n      title=\"Realtime Register\"\n      target=\"_blank\" \n      class=\"registrar\">\n      <img loading=\"lazy\" decoding=\"async\" width=\"1\" height=\"1\" src=\"https:\/\/www.registreer.frl\/wp-content\/uploads\/2023\/09\/Realtime-Register.svg\" class=\"attachment- size- wp-post-image\" alt=\"\" \/>    <\/a>    <a href=\"https:\/\/www.openprovider.com\"\n      title=\"Openprovider\"\n      target=\"_blank\" \n      class=\"registrar\">\n      <img loading=\"lazy\" decoding=\"async\" width=\"1\" height=\"1\" src=\"https:\/\/www.registreer.frl\/wp-content\/uploads\/2023\/09\/Openprovider.svg\" class=\"attachment- size- wp-post-image\" alt=\"\" \/>    <\/a><\/div><h3>Resellers<\/h3><div class=\"registrars-grid\">    <a href=\"https:\/\/www.mijndomein.nl\/\"\n      title=\"Mijndomein\"\n      target=\"_blank\" \n      class=\"registrar\">\n      <img loading=\"lazy\" decoding=\"async\" width=\"1\" height=\"1\" src=\"https:\/\/www.registreer.frl\/wp-content\/uploads\/2023\/09\/mijndomein.svg\" class=\"attachment- size- wp-post-image\" alt=\"\" \/>    <\/a>    <a href=\"https:\/\/www.vevida.nl\"\n      title=\"Vevida\"\n      target=\"_blank\" \n      class=\"registrar\">\n      <img loading=\"lazy\" decoding=\"async\" width=\"1\" height=\"1\" src=\"https:\/\/www.registreer.frl\/wp-content\/uploads\/2023\/09\/Vevida.svg\" class=\"attachment- size- wp-post-image\" alt=\"\" \/>    <\/a>    <a href=\"https:\/\/www.hostnet.nl\/\"\n      title=\"Hostnet\"\n      target=\"_blank\" \n      class=\"registrar\">\n      <img loading=\"lazy\" decoding=\"async\" width=\"277\" height=\"48\" src=\"https:\/\/www.registreer.frl\/wp-content\/uploads\/2023\/09\/hostnet.svg\" class=\"attachment- size- wp-post-image\" alt=\"\" \/>    <\/a>    <a href=\"https:\/\/www.transip.nl\/\"\n      title=\"TransIP\"\n      target=\"_blank\" \n      class=\"registrar\">\n      <img loading=\"lazy\" decoding=\"async\" width=\"1\" height=\"1\" src=\"https:\/\/www.registreer.frl\/wp-content\/uploads\/2023\/09\/transip.svg\" class=\"attachment- size- wp-post-image\" alt=\"\" \/>    <\/a>    <a href=\"https:\/\/www.yourhosting.nl\/\"\n      title=\"Yourhosting\"\n      target=\"_blank\" \n      class=\"registrar\">\n      <img loading=\"lazy\" decoding=\"async\" width=\"1\" height=\"1\" src=\"https:\/\/www.registreer.frl\/wp-content\/uploads\/2023\/09\/yourhosting.svg\" class=\"attachment- size- wp-post-image\" alt=\"\" \/>    <\/a>    <a href=\"https:\/\/www.versio.nl\"\n      title=\"Versio\"\n      target=\"_blank\" \n      class=\"registrar\">\n      <img loading=\"lazy\" decoding=\"async\" width=\"1\" height=\"1\" src=\"https:\/\/www.registreer.frl\/wp-content\/uploads\/2023\/09\/Versio.svg\" class=\"attachment- size- wp-post-image\" alt=\"\" \/>    <\/a><\/div><h2>Ynternasjonaal<\/h2><h3>Registrars<\/h3><div class=\"registrars-grid\">    <a href=\"https:\/\/www.bnamed.net\"\n      title=\"bNamed.net\"\n      target=\"_blank\" \n      class=\"registrar\">\n      <img loading=\"lazy\" decoding=\"async\" width=\"1738\" height=\"459\" src=\"https:\/\/www.registreer.frl\/wp-content\/uploads\/2023\/09\/bNamed.net_.png\" class=\"attachment- size- wp-post-image\" alt=\"\" srcset=\"https:\/\/www.registreer.frl\/wp-content\/uploads\/2023\/09\/bNamed.net_.png 1738w, https:\/\/www.registreer.frl\/wp-content\/uploads\/2023\/09\/bNamed.net_-1200x317.png 1200w, https:\/\/www.registreer.frl\/wp-content\/uploads\/2023\/09\/bNamed.net_-768x203.png 768w, https:\/\/www.registreer.frl\/wp-content\/uploads\/2023\/09\/bNamed.net_-1536x406.png 1536w\" sizes=\"auto, (max-width: 1738px) 100vw, 1738px\" \/>    <\/a>    <a href=\"https:\/\/www.ascio.com\"\n      title=\"Ascio\"\n      target=\"_blank\" \n      class=\"registrar\">\n      <img loading=\"lazy\" decoding=\"async\" width=\"1\" height=\"1\" src=\"https:\/\/www.registreer.frl\/wp-content\/uploads\/2023\/09\/Ascio.svg\" class=\"attachment- size- wp-post-image\" alt=\"\" \/>    <\/a>    <a href=\"https:\/\/www.internetx.com\"\n      title=\"InterNetX\"\n      target=\"_blank\" \n      class=\"registrar\">\n      <img loading=\"lazy\" decoding=\"async\" width=\"1\" height=\"1\" src=\"https:\/\/www.registreer.frl\/wp-content\/uploads\/2023\/09\/InterNetX.svg\" class=\"attachment- size- wp-post-image\" alt=\"\" \/>    <\/a>    <a href=\"https:\/\/www.key-systems.net\/\"\n      title=\"Key-Systems\"\n      target=\"_blank\" \n      class=\"registrar\">\n      <img loading=\"lazy\" decoding=\"async\" width=\"800\" height=\"175\" src=\"https:\/\/www.registreer.frl\/wp-content\/uploads\/2023\/09\/Key-Systems.png\" class=\"attachment- size- wp-post-image\" alt=\"\" srcset=\"https:\/\/www.registreer.frl\/wp-content\/uploads\/2023\/09\/Key-Systems.png 800w, https:\/\/www.registreer.frl\/wp-content\/uploads\/2023\/09\/Key-Systems-768x168.png 768w\" sizes=\"auto, (max-width: 800px) 100vw, 800px\" \/>    <\/a>    <a href=\"https:\/\/gandi.net\"\n      title=\"GANDI SAS\"\n      target=\"_blank\" \n      class=\"registrar\">\n      <img loading=\"lazy\" decoding=\"async\" width=\"1\" height=\"1\" src=\"https:\/\/www.registreer.frl\/wp-content\/uploads\/2023\/09\/gandi-1.svg\" class=\"attachment- size- wp-post-image\" alt=\"\" \/>    <\/a>    <a href=\"https:\/\/www.strato.nl\/\"\n      title=\"Strato\"\n      target=\"_blank\" \n      class=\"registrar\">\n      <img loading=\"lazy\" decoding=\"async\" width=\"1\" height=\"1\" src=\"https:\/\/www.registreer.frl\/wp-content\/uploads\/2023\/09\/strato_logo.svg\" class=\"attachment- size- wp-post-image\" alt=\"\" \/>    <\/a>    <a href=\"https:\/\/comlaude.com\/\"\n      title=\"Com Laude\"\n      target=\"_blank\" \n      class=\"registrar\">\n      <img loading=\"lazy\" decoding=\"async\" width=\"3000\" height=\"523\" src=\"https:\/\/www.registreer.frl\/wp-content\/uploads\/2023\/09\/Com-Laude.png\" class=\"attachment- size- wp-post-image\" alt=\"\" srcset=\"https:\/\/www.registreer.frl\/wp-content\/uploads\/2023\/09\/Com-Laude.png 3000w, https:\/\/www.registreer.frl\/wp-content\/uploads\/2023\/09\/Com-Laude-1200x209.png 1200w, https:\/\/www.registreer.frl\/wp-content\/uploads\/2023\/09\/Com-Laude-1920x335.png 1920w, https:\/\/www.registreer.frl\/wp-content\/uploads\/2023\/09\/Com-Laude-768x134.png 768w, https:\/\/www.registreer.frl\/wp-content\/uploads\/2023\/09\/Com-Laude-1536x268.png 1536w, https:\/\/www.registreer.frl\/wp-content\/uploads\/2023\/09\/Com-Laude-2048x357.png 2048w\" sizes=\"auto, (max-width: 3000px) 100vw, 3000px\" \/>    <\/a>    <a href=\"https:\/\/safenames.net\/\"\n      title=\"Safenames\"\n      target=\"_blank\" \n      class=\"registrar\">\n      <img loading=\"lazy\" decoding=\"async\" width=\"1\" height=\"1\" src=\"https:\/\/www.registreer.frl\/wp-content\/uploads\/2023\/09\/Safenames.svg\" class=\"attachment- size- wp-post-image\" alt=\"\" \/>    <\/a>    <a href=\"https:\/\/www.cscglobal.com\/\"\n      title=\"CSC\"\n      target=\"_blank\" \n      class=\"registrar\">\n      <img loading=\"lazy\" decoding=\"async\" width=\"1\" height=\"1\" src=\"https:\/\/www.registreer.frl\/wp-content\/uploads\/2023\/09\/CSC.svg\" class=\"attachment- size- wp-post-image\" alt=\"\" \/>    <\/a>    <a href=\"https:\/\/www.lexsynergy.com\"\n      title=\"Lexsynergy\"\n      target=\"_blank\" \n      class=\"registrar\">\n      <img loading=\"lazy\" decoding=\"async\" width=\"1\" height=\"1\" src=\"https:\/\/www.registreer.frl\/wp-content\/uploads\/2023\/09\/Lexsynergy.svg\" class=\"attachment- size- wp-post-image\" alt=\"\" \/>    <\/a>    <a href=\"https:\/\/xtom.com\/\"\n      title=\"xTom\"\n      target=\"_blank\" \n      class=\"registrar\">\n      <img loading=\"lazy\" decoding=\"async\" width=\"395\" height=\"174\" src=\"https:\/\/www.registreer.frl\/wp-content\/uploads\/2023\/09\/xTom-1.png\" class=\"attachment- size- wp-post-image\" alt=\"\" \/>    <\/a>    <a href=\"https:\/\/www.101domain.com\"\n      title=\"101domain\"\n      target=\"_blank\" \n      class=\"registrar\">\n      <img loading=\"lazy\" decoding=\"async\" width=\"1\" height=\"1\" src=\"https:\/\/www.registreer.frl\/wp-content\/uploads\/2023\/09\/101Domain.svg\" class=\"attachment- size- wp-post-image\" alt=\"\" \/>    <\/a>    <a href=\"https:\/\/www.markmonitor.com\"\n      title=\"Markmonitor\"\n      target=\"_blank\" \n      class=\"registrar\">\n      <img loading=\"lazy\" decoding=\"async\" width=\"2305\" height=\"261\" src=\"https:\/\/www.registreer.frl\/wp-content\/uploads\/2023\/09\/Markmonitor.png\" class=\"attachment- size- wp-post-image\" alt=\"\" srcset=\"https:\/\/www.registreer.frl\/wp-content\/uploads\/2023\/09\/Markmonitor.png 2305w, https:\/\/www.registreer.frl\/wp-content\/uploads\/2023\/09\/Markmonitor-1200x136.png 1200w, https:\/\/www.registreer.frl\/wp-content\/uploads\/2023\/09\/Markmonitor-1920x217.png 1920w, https:\/\/www.registreer.frl\/wp-content\/uploads\/2023\/09\/Markmonitor-768x87.png 768w, https:\/\/www.registreer.frl\/wp-content\/uploads\/2023\/09\/Markmonitor-1536x174.png 1536w, https:\/\/www.registreer.frl\/wp-content\/uploads\/2023\/09\/Markmonitor-2048x232.png 2048w\" sizes=\"auto, (max-width: 2305px) 100vw, 2305px\" \/>    <\/a>    <a href=\"https:\/\/www.netim.com\"\n      title=\"Netim\"\n      target=\"_blank\" \n      class=\"registrar\">\n      <img loading=\"lazy\" decoding=\"async\" width=\"1\" height=\"1\" src=\"https:\/\/www.registreer.frl\/wp-content\/uploads\/2023\/09\/Netim.svg\" class=\"attachment- size- wp-post-image\" alt=\"\" \/>    <\/a>    <a href=\"https:\/\/www.cps-datensysteme.de\"\n      title=\"CPS-Datensysteme\"\n      target=\"_blank\" \n      class=\"registrar\">\n      <img loading=\"lazy\" decoding=\"async\" width=\"600\" height=\"111\" src=\"https:\/\/www.registreer.frl\/wp-content\/uploads\/2023\/09\/CPS-datensysteme-GmbH.png\" class=\"attachment- size- wp-post-image\" alt=\"\" \/>    <\/a>    <a href=\"https:\/\/costrar.com\/\"\n      title=\"Costrar EOOD\"\n      target=\"_blank\" \n      class=\"registrar\">\n      <img loading=\"lazy\" decoding=\"async\" width=\"947\" height=\"312\" src=\"https:\/\/www.registreer.frl\/wp-content\/uploads\/2023\/09\/Costrar-EOOD.png\" class=\"attachment- size- wp-post-image\" alt=\"\" srcset=\"https:\/\/www.registreer.frl\/wp-content\/uploads\/2023\/09\/Costrar-EOOD.png 947w, https:\/\/www.registreer.frl\/wp-content\/uploads\/2023\/09\/Costrar-EOOD-768x253.png 768w\" sizes=\"auto, (max-width: 947px) 100vw, 947px\" \/>    <\/a>    <a href=\"https:\/\/domainregistry.de\"\n      title=\"Secura GmbH\"\n      target=\"_blank\" \n      class=\"registrar\">\n      <img loading=\"lazy\" decoding=\"async\" width=\"2000\" height=\"358\" src=\"https:\/\/www.registreer.frl\/wp-content\/uploads\/2023\/09\/Secura-GMBH.png\" class=\"attachment- size- wp-post-image\" alt=\"\" srcset=\"https:\/\/www.registreer.frl\/wp-content\/uploads\/2023\/09\/Secura-GMBH.png 2000w, https:\/\/www.registreer.frl\/wp-content\/uploads\/2023\/09\/Secura-GMBH-1200x215.png 1200w, https:\/\/www.registreer.frl\/wp-content\/uploads\/2023\/09\/Secura-GMBH-1920x344.png 1920w, https:\/\/www.registreer.frl\/wp-content\/uploads\/2023\/09\/Secura-GMBH-768x137.png 768w, https:\/\/www.registreer.frl\/wp-content\/uploads\/2023\/09\/Secura-GMBH-1536x275.png 1536w\" sizes=\"auto, (max-width: 2000px) 100vw, 2000px\" \/>    <\/a><\/div><\/div>\n\n\t<\/div>\n<\/div>\n\n\n<div class=\"block__container--wrapper  top-grey bottom-white split\">\n\t<div class=\"block__container\">\n\t\t\n\n<div class=\"block__call-to-action--wrapper main\">\n\t<div class=\"block__container\">\n\t\t\n\n<div class=\"wp-block-columns is-layout-flex wp-container-core-columns-is-layout-9d6595d7 wp-block-columns-is-layout-flex\">\n<div class=\"wp-block-column is-layout-flow wp-block-column-is-layout-flow\" style=\"flex-basis:33.33%\">\n<h2 class=\"wp-block-heading\" id=\"nieuwe-registrar\">Registrar wurde<br><\/h2>\n\n\n\n<div class=\"wp-block-buttons is-layout-flex wp-block-buttons-is-layout-flex\"><\/div>\n<\/div>\n\n\n\n<div class=\"wp-block-column is-layout-flow wp-block-column-is-layout-flow\" style=\"flex-basis:66.66%\">\n<p>Om .frl-registrar wurde te kinnen, is in <a href=\"https:\/\/www.icann.org\/resources\/pages\/accreditation-2012-02-25-en\" target=\"_blank\" rel=\"noreferrer noopener\">ICANN-akkreditaasje<\/a> fereaske. ICANN-akkreditearre registrars dy\u2019t al oansletten binne op it CentralNic-platfoarm aktivearje ienf\u00e2ldich .frl binnen de <a href=\"http:\/\/registrar-console.centralnic.com\/\" target=\"_blank\" rel=\"noreferrer noopener\">Registrar Console<\/a> fan CentralNic. Registrars dy\u2019t noch net oansletten binne by CentralNic kinne in <a href=\"https:\/\/registrar-console.centralnic.com\/pub\/register\" target=\"_blank\" rel=\"noreferrer noopener\">akkount oanmeitsje<\/a> en d\u00earnei .frl aktivearje.<\/p>\n\n\n\n<p>Bist gjin ICANN-akkreditearre registrar, dan kinst dyn .frl-domeinen as reseller \u00f4fnimme by ien fan de hjirboppe neamde partijen.<\/p>\n<\/div>\n<\/div>\n\n\n\t<\/div>\n<\/div>\n\n\t<\/div>\n<\/div>\n\n<div class=\"wp-block-whitespace large\" aria-hidden=\"true\"><\/div>\n\n\n<div class=\"wp-block-columns is-layout-flex wp-container-core-columns-is-layout-9d6595d7 wp-block-columns-is-layout-flex\">\n<div class=\"wp-block-column is-layout-flow wp-block-column-is-layout-flow\" style=\"flex-basis:33.33%\">\n<h2 class=\"wp-block-heading\">Logo<\/h2>\n<\/div>\n\n\n\n<div class=\"wp-block-column is-layout-flow wp-block-column-is-layout-flow\" style=\"flex-basis:66.66%\">\n<p>It .frl-logo is tige werkenber. Kinst it br\u00fbke foar promoasje fan de .frl-ekstinsje: op dyn webside, yn dyn advertinsjes of op in oare wize. Sikest oare marketingmaterialen? Nim dan even <a href=\"https:\/\/www.registreer.frl\/frl\/kontakt\/\">kontakt<\/a> mei \u00fas op!<\/p>\n\n\n\n<div class=\"wp-block-buttons is-layout-flex wp-block-buttons-is-layout-flex\">\n<div class=\"wp-block-button\"><a class=\"wp-block-button__link wp-element-button\" href=\"https:\/\/www.registreer.frl\/wp-content\/uploads\/2023\/09\/PuntFRL_logo.zip\">Download logo<\/a><\/div>\n<\/div>\n<\/div>\n<\/div>\n\n\n<div class=\"wp-block-whitespace large\" aria-hidden=\"true\"><\/div>","protected":false},"excerpt":{"rendered":"<p>Logo It .frl-logo is tige werkenber. Kinst it br\u00fbke foar promoasje fan de .frl-ekstinsje: op dyn webside, yn dyn advertinsjes&#8230;<\/p>\n","protected":false},"author":1,"featured_media":1359,"parent":0,"menu_order":20,"comment_status":"closed","ping_status":"closed","template":"","meta":{"_acf_changed":false,"inline_featured_image":false,"footnotes":""},"class_list":["post-1728","page","type-page","status-publish","has-post-thumbnail","hentry"],"acf":[],"yoast_head":"<!-- This site is optimized with the Yoast SEO plugin v27.5 - https:\/\/yoast.com\/product\/yoast-seo-wordpress\/ -->\n<title>Registrars - Registreer FRL<\/title>\n<meta name=\"robots\" content=\"index, follow, max-snippet:-1, max-image-preview:large, max-video-preview:-1\" \/>\n<link rel=\"canonical\" href=\"https:\/\/www.registreer.frl\/frl\/registrars\/\" \/>\n<meta property=\"og:locale\" content=\"fr_FR\" \/>\n<meta property=\"og:type\" content=\"article\" \/>\n<meta property=\"og:title\" content=\"Registrars - Registreer FRL\" \/>\n<meta property=\"og:description\" content=\"Logo It .frl-logo is tige werkenber. Kinst it br\u00fbke foar promoasje fan de .frl-ekstinsje: op dyn webside, yn dyn advertinsjes...\" \/>\n<meta property=\"og:url\" content=\"https:\/\/www.registreer.frl\/frl\/registrars\/\" \/>\n<meta property=\"og:site_name\" content=\"Registreer FRL\" \/>\n<meta property=\"article:modified_time\" content=\"2023-12-04T15:03:43+00:00\" \/>\n<meta property=\"og:image\" content=\"https:\/\/www.registreer.frl\/wp-content\/uploads\/2023\/11\/Vaart.jpg\" \/>\n\t<meta property=\"og:image:width\" content=\"1791\" \/>\n\t<meta property=\"og:image:height\" content=\"727\" \/>\n\t<meta property=\"og:image:type\" content=\"image\/jpeg\" \/>\n<meta name=\"twitter:card\" content=\"summary_large_image\" \/>\n<meta name=\"twitter:label1\" content=\"Est. reading time\" \/>\n\t<meta name=\"twitter:data1\" content=\"1 minute\" \/>\n<script type=\"application\/ld+json\" class=\"yoast-schema-graph\">{\"@context\":\"https:\\\/\\\/schema.org\",\"@graph\":[{\"@type\":\"WebPage\",\"@id\":\"https:\\\/\\\/www.registreer.frl\\\/frl\\\/registrars\\\/\",\"url\":\"https:\\\/\\\/www.registreer.frl\\\/frl\\\/registrars\\\/\",\"name\":\"Registrars - Registreer FRL\",\"isPartOf\":{\"@id\":\"https:\\\/\\\/www.registreer.frl\\\/frl\\\/#website\"},\"primaryImageOfPage\":{\"@id\":\"https:\\\/\\\/www.registreer.frl\\\/frl\\\/registrars\\\/#primaryimage\"},\"image\":{\"@id\":\"https:\\\/\\\/www.registreer.frl\\\/frl\\\/registrars\\\/#primaryimage\"},\"thumbnailUrl\":\"https:\\\/\\\/www.registreer.frl\\\/wp-content\\\/uploads\\\/2023\\\/11\\\/Vaart.jpg\",\"datePublished\":\"2023-08-02T12:31:47+00:00\",\"dateModified\":\"2023-12-04T15:03:43+00:00\",\"breadcrumb\":{\"@id\":\"https:\\\/\\\/www.registreer.frl\\\/frl\\\/registrars\\\/#breadcrumb\"},\"inLanguage\":\"frl-FRL\",\"potentialAction\":[{\"@type\":\"ReadAction\",\"target\":[\"https:\\\/\\\/www.registreer.frl\\\/frl\\\/registrars\\\/\"]}]},{\"@type\":\"ImageObject\",\"inLanguage\":\"frl-FRL\",\"@id\":\"https:\\\/\\\/www.registreer.frl\\\/frl\\\/registrars\\\/#primaryimage\",\"url\":\"https:\\\/\\\/www.registreer.frl\\\/wp-content\\\/uploads\\\/2023\\\/11\\\/Vaart.jpg\",\"contentUrl\":\"https:\\\/\\\/www.registreer.frl\\\/wp-content\\\/uploads\\\/2023\\\/11\\\/Vaart.jpg\",\"width\":1791,\"height\":727,\"caption\":\"Midden Friesland\"},{\"@type\":\"BreadcrumbList\",\"@id\":\"https:\\\/\\\/www.registreer.frl\\\/frl\\\/registrars\\\/#breadcrumb\",\"itemListElement\":[{\"@type\":\"ListItem\",\"position\":1,\"name\":\"Home\",\"item\":\"https:\\\/\\\/www.registreer.frl\\\/frl\\\/\"},{\"@type\":\"ListItem\",\"position\":2,\"name\":\"Registrars\"}]},{\"@type\":\"WebSite\",\"@id\":\"https:\\\/\\\/www.registreer.frl\\\/frl\\\/#website\",\"url\":\"https:\\\/\\\/www.registreer.frl\\\/frl\\\/\",\"name\":\"Registreer FRL\",\"description\":\"\",\"potentialAction\":[{\"@type\":\"SearchAction\",\"target\":{\"@type\":\"EntryPoint\",\"urlTemplate\":\"https:\\\/\\\/www.registreer.frl\\\/frl\\\/?s={search_term_string}\"},\"query-input\":{\"@type\":\"PropertyValueSpecification\",\"valueRequired\":true,\"valueName\":\"search_term_string\"}}],\"inLanguage\":\"frl-FRL\"}]}<\/script>\n<!-- \/ Yoast SEO plugin. -->","yoast_head_json":{"title":"Registrars - Registreer FRL","robots":{"index":"index","follow":"follow","max-snippet":"max-snippet:-1","max-image-preview":"max-image-preview:large","max-video-preview":"max-video-preview:-1"},"canonical":"https:\/\/www.registreer.frl\/frl\/registrars\/","og_locale":"fr_FR","og_type":"article","og_title":"Registrars - Registreer FRL","og_description":"Logo It .frl-logo is tige werkenber. Kinst it br\u00fbke foar promoasje fan de .frl-ekstinsje: op dyn webside, yn dyn advertinsjes...","og_url":"https:\/\/www.registreer.frl\/frl\/registrars\/","og_site_name":"Registreer FRL","article_modified_time":"2023-12-04T15:03:43+00:00","og_image":[{"width":1791,"height":727,"url":"https:\/\/www.registreer.frl\/wp-content\/uploads\/2023\/11\/Vaart.jpg","type":"image\/jpeg"}],"twitter_card":"summary_large_image","twitter_misc":{"Est. reading time":"1 minute"},"schema":{"@context":"https:\/\/schema.org","@graph":[{"@type":"WebPage","@id":"https:\/\/www.registreer.frl\/frl\/registrars\/","url":"https:\/\/www.registreer.frl\/frl\/registrars\/","name":"Registrars - Registreer FRL","isPartOf":{"@id":"https:\/\/www.registreer.frl\/frl\/#website"},"primaryImageOfPage":{"@id":"https:\/\/www.registreer.frl\/frl\/registrars\/#primaryimage"},"image":{"@id":"https:\/\/www.registreer.frl\/frl\/registrars\/#primaryimage"},"thumbnailUrl":"https:\/\/www.registreer.frl\/wp-content\/uploads\/2023\/11\/Vaart.jpg","datePublished":"2023-08-02T12:31:47+00:00","dateModified":"2023-12-04T15:03:43+00:00","breadcrumb":{"@id":"https:\/\/www.registreer.frl\/frl\/registrars\/#breadcrumb"},"inLanguage":"frl-FRL","potentialAction":[{"@type":"ReadAction","target":["https:\/\/www.registreer.frl\/frl\/registrars\/"]}]},{"@type":"ImageObject","inLanguage":"frl-FRL","@id":"https:\/\/www.registreer.frl\/frl\/registrars\/#primaryimage","url":"https:\/\/www.registreer.frl\/wp-content\/uploads\/2023\/11\/Vaart.jpg","contentUrl":"https:\/\/www.registreer.frl\/wp-content\/uploads\/2023\/11\/Vaart.jpg","width":1791,"height":727,"caption":"Midden Friesland"},{"@type":"BreadcrumbList","@id":"https:\/\/www.registreer.frl\/frl\/registrars\/#breadcrumb","itemListElement":[{"@type":"ListItem","position":1,"name":"Home","item":"https:\/\/www.registreer.frl\/frl\/"},{"@type":"ListItem","position":2,"name":"Registrars"}]},{"@type":"WebSite","@id":"https:\/\/www.registreer.frl\/frl\/#website","url":"https:\/\/www.registreer.frl\/frl\/","name":"Registreer FRL","description":"","potentialAction":[{"@type":"SearchAction","target":{"@type":"EntryPoint","urlTemplate":"https:\/\/www.registreer.frl\/frl\/?s={search_term_string}"},"query-input":{"@type":"PropertyValueSpecification","valueRequired":true,"valueName":"search_term_string"}}],"inLanguage":"frl-FRL"}]}},"_links":{"self":[{"href":"https:\/\/www.registreer.frl\/frl\/wp-json\/wp\/v2\/pages\/1728","targetHints":{"allow":["GET"]}}],"collection":[{"href":"https:\/\/www.registreer.frl\/frl\/wp-json\/wp\/v2\/pages"}],"about":[{"href":"https:\/\/www.registreer.frl\/frl\/wp-json\/wp\/v2\/types\/page"}],"author":[{"embeddable":true,"href":"https:\/\/www.registreer.frl\/frl\/wp-json\/wp\/v2\/users\/1"}],"replies":[{"embeddable":true,"href":"https:\/\/www.registreer.frl\/frl\/wp-json\/wp\/v2\/comments?post=1728"}],"version-history":[{"count":4,"href":"https:\/\/www.registreer.frl\/frl\/wp-json\/wp\/v2\/pages\/1728\/revisions"}],"predecessor-version":[{"id":2103,"href":"https:\/\/www.registreer.frl\/frl\/wp-json\/wp\/v2\/pages\/1728\/revisions\/2103"}],"wp:featuredmedia":[{"embeddable":true,"href":"https:\/\/www.registreer.frl\/frl\/wp-json\/wp\/v2\/media\/1359"}],"wp:attachment":[{"href":"https:\/\/www.registreer.frl\/frl\/wp-json\/wp\/v2\/media?parent=1728"}],"curies":[{"name":"wp","href":"https:\/\/api.w.org\/{rel}","templated":true}]}}