{"id":1757,"date":"2023-08-02T14:31:21","date_gmt":"2023-08-02T12:31:21","guid":{"rendered":"https:\/\/registreerfrl.bwhsite.nl\/hoe-werkt-het\/"},"modified":"2023-11-23T14:05:46","modified_gmt":"2023-11-23T13:05:46","slug":"hoe-wurket-it","status":"publish","type":"page","link":"https:\/\/www.registreer.frl\/frl\/hoe-wurket-it\/","title":{"rendered":"Hoe wurket it?"},"content":{"rendered":"\n<div class=\"block__container--wrapper main top- bottom- full\">\n\t<div class=\"block__container\">\n\t\t\n\n<h2 class=\"wp-block-heading\">Hoe registrearrest in .frl-domein?<\/h2>\n\n\n<div class=\"wp-block-whitespace small\" aria-hidden=\"true\"><\/div>\n\n\n<div class=\"wp-block-columns is-layout-flex wp-container-core-columns-is-layout-9d6595d7 wp-block-columns-is-layout-flex\">\n<div class=\"wp-block-column is-layout-flow wp-block-column-is-layout-flow\">\n<h3 class=\"wp-block-heading\">Stap 1<\/h3>\n\n\n\n<p>Kies ien fan \u00fas oansletten <a href=\"https:\/\/www.registreer.frl\/frl\/registrars\/\">partners<\/a>.<\/p>\n<\/div>\n\n\n\n<div class=\"wp-block-column is-layout-flow wp-block-column-is-layout-flow\">\n<h3 class=\"wp-block-heading\">Stap 2<\/h3>\n\n\n\n<p>Kontrolearje oft dyn domeinnamme beskikber is.<\/p>\n<\/div>\n\n\n\n<div class=\"wp-block-column is-layout-flow wp-block-column-is-layout-flow\">\n<h3 class=\"wp-block-heading\">Stap 3<\/h3>\n\n\n\n<p>Kies eventueel in webhostingpakket of in e-mailpakket.<\/p>\n<\/div>\n\n\n\n<div class=\"wp-block-column is-layout-flow wp-block-column-is-layout-flow\">\n<h3 class=\"wp-block-heading\">Stap 4<\/h3>\n\n\n\n<p>R\u00fbnje de registraasje \u00f4f: do hast no dyn eigen .frl-domein.<\/p>\n<\/div>\n<\/div>\n\n\n\t<\/div>\n<\/div>\n\n\n<div class=\"block__container--wrapper  top-main bottom-white split\">\n\t<div class=\"block__container\">\n\t\t\n\n<div class=\"block__register-form--wrapper dark \">\n\t<div class=\"block__container\">\n\t\t<div class=\"form-wrapper\">\n\t\t\t<h2>registrearje no dyn Fryske domeinnamme<\/h2>\n\n\t\t\t<div class=\"register-form\">\n\n\t\t\t\t\t\t\t\t\t<div class=\"register-form\">\n\t\t\t\t\t\t<form class=\"\" action=\"https:\/\/www.mijndomein.nl\/frl-domein-registreren\" method=\"GET\" role=\"form\" target=\"_blank\" novalidate=\"novalidate\">\n\t\t\t\t\t\t\t<input type=\"text\" placeholder=\"is jo domeinnamme noch frij?\" id=\"domain-field\" name=\"domeinnaam\">\n\t\t\t\t\t\t\t<span>.frl<\/span>\n\t\t\t\t\t\t\t<input type=\"hidden\" name=\"extensie\" value=\"frl\">\n\t\t\t\t\t\t\t<input type=\"hidden\" name=\"\" value=\"domeinnaam.frl\">\n\t\t\t\t\t\t\t<button type=\"submit\" onclick=\"document.forms[0].domeinnaam.value=document.forms[0].domein.value+'.'+document.forms[0].extensie.value;\">Check<\/button>\n\t\t\t\t\t\t<\/form>\n\t\t\t\t\t<\/div>\n\t\t\t\t\n\t\t\t<\/div>\n\t\t<\/div>\n\t<\/div>\n<\/div>\n\n\t<\/div>\n<\/div>\n\n<div class=\"wp-block-whitespace large\" aria-hidden=\"true\"><\/div>\n\n\n<div class=\"wp-block-columns is-layout-flex wp-container-core-columns-is-layout-9d6595d7 wp-block-columns-is-layout-flex\">\n<div class=\"wp-block-column is-layout-flow wp-block-column-is-layout-flow\">\n<h2 class=\"wp-block-heading\">Oerstappe nei in .frl<\/h2>\n<\/div>\n\n\n\n<div class=\"wp-block-column is-layout-flow wp-block-column-is-layout-flow\">\n<p>Hast al in website? Ek dan is in .frl-domein ynteressant. Bygelyks om\u2019tst dy d\u00earmei folle mear mei Frysl\u00e2n ferb\u00fbn fielst. Of om\u2019t dyn besteande domeinnamme in kompromis wie, en de perfekte domeinnamme binnen .frl w\u00f3l beskikber is. Oerstappe nei in .frl-domein is net dreech, mar moat wol mei de goede oandacht barre. Hjir ha wy in d\u00fadlik stappeplan foar opsteld. Nim kontakt mei \u00fas op foar mear ynformaasje!<\/p>\n<\/div>\n<\/div>\n\n\n<div class=\"wp-block-whitespace large\" aria-hidden=\"true\"><\/div>\n\n\n<div class=\"block__container--wrapper main top- bottom- full\">\n\t<div class=\"block__container\">\n\t\t\n\t<\/div>\n<\/div>\n\n\n<div class=\"block__container--wrapper grey top- bottom- full\">\n\t<div class=\"block__container\">\n\t\t\n\n<h2 class=\"wp-block-heading has-text-align-center\">Faakstelde fragen<\/h2>\n\n\n<div class=\"block-faq-section \">\n\t<h2><\/h2>\t\t<div class=\"block-faq-section-items\"><div class=\"block-faq-section-item\">\n  <h4 class=\"faq-title\">\n    Wa kin in .frl-domein registrearje?    <span><\/span>\n  <\/h4>\n  <div class=\"faq-content\">\n    \n<p>.frl is foar elkenien beskikber. By de yntroduksje hawwe Fryske merken, bedriuwen en persoanen foarrang h\u00e2n, mar op dit stuit kinst ek as net-Fries d\u00f3chs in .frl domein yn gebr\u00fbk nimme, bygelyks omdatst dochs in bytsje Frysl\u00e2n yn dyn hert hast. Wol hawwe wy in pear algemiene regels yn de <a href=\"https:\/\/www.registreer.frl\/frl\/policies\/\">acceptable use policy<\/a> opnommen.<\/p>\n  <\/div>\n<\/div><div class=\"block-faq-section-item\">\n  <h4 class=\"faq-title\">\n    Wat kostet in .frl-domein?    <span><\/span>\n  <\/h4>\n  <div class=\"faq-content\">\n    \n<p>De priis foar in .frl-domein wurdt bepaald troch de registrars en resellers en sil dus fan partij oant partij ferskille. It leannet om prizen te fergelykjen foardatst dyn domein registrearrest. Kontrolearje ek de priis foar ferlinging, sadatst takom jier net foar ferrassingen komst te stean.<\/p>\n  <\/div>\n<\/div><div class=\"block-faq-section-item\">\n  <h4 class=\"faq-title\">\n    Hoe kin ik myn domeinnamme nei in oare provider ferh\u00fazje?    <span><\/span>\n  <\/h4>\n  <div class=\"faq-content\">\n    \n<p>In domeinnamme kin tsjintwurdich nei in oare provider ferhuze wurde. Freegje hjirfoar earst by dyn hjoeddeistige provider de <em>autorisaasjekoade<\/em> op en freegje harren in eventuele ferh\u00fasblokkade fan it domein \u00f4f te heljen. De autorisaasjekoade joust oan dyn nije provider, en sy starte de ferhuzing. Nei ien of mear e-mailtsjes en maksimaal fiif dagen wachttiid is it domein \u00fbnder behear fan de nije provider.<\/p>\n\n\n\n<p><strong>Let op<\/strong>: ast in domein ferhuzest, ferhuzet de webhosting en dyn e-mail net mei. Nim hjirfoar kontakt op mei dyn nije provider.<\/p>\n\n\n\n<p>Let derop datst de earste sechstich dagen nei registraasje, ferhuzing of h\u00e2lderwiziging gjin ferhuzing begjinne kinst.<\/p>\n  <\/div>\n<\/div>\t\t<\/div><\/div>\n\n<div class=\"wp-block-whitespace small\" aria-hidden=\"true\"><\/div>\n\n\n<div class=\"wp-block-buttons is-content-justification-center is-layout-flex wp-container-core-buttons-is-layout-16018d1d wp-block-buttons-is-layout-flex\">\n<div class=\"wp-block-button\"><a class=\"wp-block-button__link wp-element-button\" href=\"https:\/\/www.registreer.frl\/frl\/faakstelde-fragen\/\" target=\"_blank\" rel=\"noreferrer noopener\">Alle fragen en antwurden<\/a><\/div>\n<\/div>\n\n\n\t<\/div>\n<\/div>","protected":false},"excerpt":{"rendered":"<p>Oerstappe nei in .frl Hast al in website? Ek dan is in .frl-domein ynteressant. Bygelyks om\u2019tst dy d\u00earmei folle mear&#8230;<\/p>\n","protected":false},"author":1,"featured_media":558,"parent":0,"menu_order":23,"comment_status":"closed","ping_status":"closed","template":"","meta":{"_acf_changed":false,"inline_featured_image":false,"footnotes":""},"class_list":["post-1757","page","type-page","status-publish","has-post-thumbnail","hentry"],"acf":[],"yoast_head":"<!-- This site is optimized with the Yoast SEO plugin v27.5 - https:\/\/yoast.com\/product\/yoast-seo-wordpress\/ -->\n<title>Hoe wurket it? - Registreer FRL<\/title>\n<meta name=\"robots\" content=\"index, follow, max-snippet:-1, max-image-preview:large, max-video-preview:-1\" \/>\n<link rel=\"canonical\" href=\"https:\/\/www.registreer.frl\/frl\/hoe-wurket-it\/\" \/>\n<meta property=\"og:locale\" content=\"fr_FR\" \/>\n<meta property=\"og:type\" content=\"article\" \/>\n<meta property=\"og:title\" content=\"Hoe wurket it? - Registreer FRL\" \/>\n<meta property=\"og:description\" content=\"Oerstappe nei in .frl Hast al in website? Ek dan is in .frl-domein ynteressant. Bygelyks om\u2019tst dy d\u00earmei folle mear...\" \/>\n<meta property=\"og:url\" content=\"https:\/\/www.registreer.frl\/frl\/hoe-wurket-it\/\" \/>\n<meta property=\"og:site_name\" content=\"Registreer FRL\" \/>\n<meta property=\"article:modified_time\" content=\"2023-11-23T13:05:46+00:00\" \/>\n<meta property=\"og:image\" content=\"https:\/\/www.registreer.frl\/wp-content\/uploads\/2023\/08\/registreer-frl.jpg\" \/>\n\t<meta property=\"og:image:width\" content=\"1920\" \/>\n\t<meta property=\"og:image:height\" content=\"778\" \/>\n\t<meta property=\"og:image:type\" content=\"image\/jpeg\" \/>\n<meta name=\"twitter:card\" content=\"summary_large_image\" \/>\n<meta name=\"twitter:label1\" content=\"Est. reading time\" \/>\n\t<meta name=\"twitter:data1\" content=\"1 minute\" \/>\n<script type=\"application\/ld+json\" class=\"yoast-schema-graph\">{\"@context\":\"https:\\\/\\\/schema.org\",\"@graph\":[{\"@type\":\"WebPage\",\"@id\":\"https:\\\/\\\/www.registreer.frl\\\/frl\\\/hoe-wurket-it\\\/\",\"url\":\"https:\\\/\\\/www.registreer.frl\\\/frl\\\/hoe-wurket-it\\\/\",\"name\":\"Hoe wurket it? - Registreer FRL\",\"isPartOf\":{\"@id\":\"https:\\\/\\\/www.registreer.frl\\\/frl\\\/#website\"},\"primaryImageOfPage\":{\"@id\":\"https:\\\/\\\/www.registreer.frl\\\/frl\\\/hoe-wurket-it\\\/#primaryimage\"},\"image\":{\"@id\":\"https:\\\/\\\/www.registreer.frl\\\/frl\\\/hoe-wurket-it\\\/#primaryimage\"},\"thumbnailUrl\":\"https:\\\/\\\/www.registreer.frl\\\/wp-content\\\/uploads\\\/2023\\\/08\\\/registreer-frl.jpg\",\"datePublished\":\"2023-08-02T12:31:21+00:00\",\"dateModified\":\"2023-11-23T13:05:46+00:00\",\"breadcrumb\":{\"@id\":\"https:\\\/\\\/www.registreer.frl\\\/frl\\\/hoe-wurket-it\\\/#breadcrumb\"},\"inLanguage\":\"frl-FRL\",\"potentialAction\":[{\"@type\":\"ReadAction\",\"target\":[\"https:\\\/\\\/www.registreer.frl\\\/frl\\\/hoe-wurket-it\\\/\"]}]},{\"@type\":\"ImageObject\",\"inLanguage\":\"frl-FRL\",\"@id\":\"https:\\\/\\\/www.registreer.frl\\\/frl\\\/hoe-wurket-it\\\/#primaryimage\",\"url\":\"https:\\\/\\\/www.registreer.frl\\\/wp-content\\\/uploads\\\/2023\\\/08\\\/registreer-frl.jpg\",\"contentUrl\":\"https:\\\/\\\/www.registreer.frl\\\/wp-content\\\/uploads\\\/2023\\\/08\\\/registreer-frl.jpg\",\"width\":1920,\"height\":778},{\"@type\":\"BreadcrumbList\",\"@id\":\"https:\\\/\\\/www.registreer.frl\\\/frl\\\/hoe-wurket-it\\\/#breadcrumb\",\"itemListElement\":[{\"@type\":\"ListItem\",\"position\":1,\"name\":\"Home\",\"item\":\"https:\\\/\\\/www.registreer.frl\\\/frl\\\/\"},{\"@type\":\"ListItem\",\"position\":2,\"name\":\"Hoe wurket it?\"}]},{\"@type\":\"WebSite\",\"@id\":\"https:\\\/\\\/www.registreer.frl\\\/frl\\\/#website\",\"url\":\"https:\\\/\\\/www.registreer.frl\\\/frl\\\/\",\"name\":\"Registreer FRL\",\"description\":\"\",\"potentialAction\":[{\"@type\":\"SearchAction\",\"target\":{\"@type\":\"EntryPoint\",\"urlTemplate\":\"https:\\\/\\\/www.registreer.frl\\\/frl\\\/?s={search_term_string}\"},\"query-input\":{\"@type\":\"PropertyValueSpecification\",\"valueRequired\":true,\"valueName\":\"search_term_string\"}}],\"inLanguage\":\"frl-FRL\"}]}<\/script>\n<!-- \/ Yoast SEO plugin. -->","yoast_head_json":{"title":"Hoe wurket it? - Registreer FRL","robots":{"index":"index","follow":"follow","max-snippet":"max-snippet:-1","max-image-preview":"max-image-preview:large","max-video-preview":"max-video-preview:-1"},"canonical":"https:\/\/www.registreer.frl\/frl\/hoe-wurket-it\/","og_locale":"fr_FR","og_type":"article","og_title":"Hoe wurket it? - Registreer FRL","og_description":"Oerstappe nei in .frl Hast al in website? Ek dan is in .frl-domein ynteressant. Bygelyks om\u2019tst dy d\u00earmei folle mear...","og_url":"https:\/\/www.registreer.frl\/frl\/hoe-wurket-it\/","og_site_name":"Registreer FRL","article_modified_time":"2023-11-23T13:05:46+00:00","og_image":[{"width":1920,"height":778,"url":"https:\/\/www.registreer.frl\/wp-content\/uploads\/2023\/08\/registreer-frl.jpg","type":"image\/jpeg"}],"twitter_card":"summary_large_image","twitter_misc":{"Est. reading time":"1 minute"},"schema":{"@context":"https:\/\/schema.org","@graph":[{"@type":"WebPage","@id":"https:\/\/www.registreer.frl\/frl\/hoe-wurket-it\/","url":"https:\/\/www.registreer.frl\/frl\/hoe-wurket-it\/","name":"Hoe wurket it? - Registreer FRL","isPartOf":{"@id":"https:\/\/www.registreer.frl\/frl\/#website"},"primaryImageOfPage":{"@id":"https:\/\/www.registreer.frl\/frl\/hoe-wurket-it\/#primaryimage"},"image":{"@id":"https:\/\/www.registreer.frl\/frl\/hoe-wurket-it\/#primaryimage"},"thumbnailUrl":"https:\/\/www.registreer.frl\/wp-content\/uploads\/2023\/08\/registreer-frl.jpg","datePublished":"2023-08-02T12:31:21+00:00","dateModified":"2023-11-23T13:05:46+00:00","breadcrumb":{"@id":"https:\/\/www.registreer.frl\/frl\/hoe-wurket-it\/#breadcrumb"},"inLanguage":"frl-FRL","potentialAction":[{"@type":"ReadAction","target":["https:\/\/www.registreer.frl\/frl\/hoe-wurket-it\/"]}]},{"@type":"ImageObject","inLanguage":"frl-FRL","@id":"https:\/\/www.registreer.frl\/frl\/hoe-wurket-it\/#primaryimage","url":"https:\/\/www.registreer.frl\/wp-content\/uploads\/2023\/08\/registreer-frl.jpg","contentUrl":"https:\/\/www.registreer.frl\/wp-content\/uploads\/2023\/08\/registreer-frl.jpg","width":1920,"height":778},{"@type":"BreadcrumbList","@id":"https:\/\/www.registreer.frl\/frl\/hoe-wurket-it\/#breadcrumb","itemListElement":[{"@type":"ListItem","position":1,"name":"Home","item":"https:\/\/www.registreer.frl\/frl\/"},{"@type":"ListItem","position":2,"name":"Hoe wurket it?"}]},{"@type":"WebSite","@id":"https:\/\/www.registreer.frl\/frl\/#website","url":"https:\/\/www.registreer.frl\/frl\/","name":"Registreer FRL","description":"","potentialAction":[{"@type":"SearchAction","target":{"@type":"EntryPoint","urlTemplate":"https:\/\/www.registreer.frl\/frl\/?s={search_term_string}"},"query-input":{"@type":"PropertyValueSpecification","valueRequired":true,"valueName":"search_term_string"}}],"inLanguage":"frl-FRL"}]}},"_links":{"self":[{"href":"https:\/\/www.registreer.frl\/frl\/wp-json\/wp\/v2\/pages\/1757","targetHints":{"allow":["GET"]}}],"collection":[{"href":"https:\/\/www.registreer.frl\/frl\/wp-json\/wp\/v2\/pages"}],"about":[{"href":"https:\/\/www.registreer.frl\/frl\/wp-json\/wp\/v2\/types\/page"}],"author":[{"embeddable":true,"href":"https:\/\/www.registreer.frl\/frl\/wp-json\/wp\/v2\/users\/1"}],"replies":[{"embeddable":true,"href":"https:\/\/www.registreer.frl\/frl\/wp-json\/wp\/v2\/comments?post=1757"}],"version-history":[{"count":5,"href":"https:\/\/www.registreer.frl\/frl\/wp-json\/wp\/v2\/pages\/1757\/revisions"}],"predecessor-version":[{"id":1884,"href":"https:\/\/www.registreer.frl\/frl\/wp-json\/wp\/v2\/pages\/1757\/revisions\/1884"}],"wp:featuredmedia":[{"embeddable":true,"href":"https:\/\/www.registreer.frl\/frl\/wp-json\/wp\/v2\/media\/558"}],"wp:attachment":[{"href":"https:\/\/www.registreer.frl\/frl\/wp-json\/wp\/v2\/media?parent=1757"}],"curies":[{"name":"wp","href":"https:\/\/api.w.org\/{rel}","templated":true}]}}