{"id":2528,"date":"2025-12-05T10:55:52","date_gmt":"2025-12-05T09:55:52","guid":{"rendered":"https:\/\/www.registreer.frl\/cookiebeleid\/"},"modified":"2025-12-05T11:51:58","modified_gmt":"2025-12-05T10:51:58","slug":"cookiebeleid","status":"publish","type":"page","link":"https:\/\/www.registreer.frl\/frl\/cookiebeleid\/","title":{"rendered":"Cookiebeleid"},"content":{"rendered":"<div class=\"wp-block-whitespace medium\" aria-hidden=\"true\"><\/div>\n\n\n<p>Wy br\u00fbke cookies om \u00fas website goed wurkje te litten en om jo \u00fbnderfining te ferbetterjen. Guon cookies binne needsaaklik foar de basisfunksjes fan de side, wylst oaren helpe by it analysearjen fan gebr\u00fbk of it toanen fan personaliseare ynh\u00e2ld en reklame. Hjir kinne jo jo foarkarren oanpasse.<\/p>\n\n\n<div class=\"wp-block-whitespace small\" aria-hidden=\"true\"><\/div>\n\n\n<div class=\"wp-block-buttons is-content-justification-center is-layout-flex wp-container-core-buttons-is-layout-16018d1d wp-block-buttons-is-layout-flex\">\n<div class=\"wp-block-button\"><a class=\"wp-block-button__link wp-element-button\" href=\"https:\/\/www.registreer.frl\/cookies-frl\/\" target=\"_blank\" rel=\"noreferrer noopener nofollow\">Cookies ynstelle<\/a><\/div>\n<\/div>\n\n\n<div class=\"wp-block-whitespace medium\" aria-hidden=\"true\"><\/div>\n\n\n<p><\/p>\n","protected":false},"excerpt":{"rendered":"<p>Wy br\u00fbke cookies om \u00fas website goed wurkje te litten en om jo \u00fbnderfining te ferbetterjen. Guon cookies binne needsaaklik&#8230;<\/p>\n","protected":false},"author":1,"featured_media":0,"parent":0,"menu_order":37,"comment_status":"closed","ping_status":"closed","template":"","meta":{"_acf_changed":false,"inline_featured_image":false,"footnotes":""},"class_list":["post-2528","page","type-page","status-publish","hentry"],"acf":[],"yoast_head":"<!-- This site is optimized with the Yoast SEO plugin v27.5 - https:\/\/yoast.com\/product\/yoast-seo-wordpress\/ -->\n<title>Cookiebeleid - Registreer FRL<\/title>\n<meta name=\"robots\" content=\"index, follow, max-snippet:-1, max-image-preview:large, max-video-preview:-1\" \/>\n<link rel=\"canonical\" href=\"https:\/\/www.registreer.frl\/frl\/cookiebeleid\/\" \/>\n<meta property=\"og:locale\" content=\"fr_FR\" \/>\n<meta property=\"og:type\" content=\"article\" \/>\n<meta property=\"og:title\" content=\"Cookiebeleid - Registreer FRL\" \/>\n<meta property=\"og:description\" content=\"Wy br\u00fbke cookies om \u00fas website goed wurkje te litten en om jo \u00fbnderfining te ferbetterjen. Guon cookies binne needsaaklik...\" \/>\n<meta property=\"og:url\" content=\"https:\/\/www.registreer.frl\/frl\/cookiebeleid\/\" \/>\n<meta property=\"og:site_name\" content=\"Registreer FRL\" \/>\n<meta property=\"article:modified_time\" content=\"2025-12-05T10:51:58+00:00\" \/>\n<meta name=\"twitter:card\" content=\"summary_large_image\" \/>\n<meta name=\"twitter:label1\" content=\"Est. reading time\" \/>\n\t<meta name=\"twitter:data1\" content=\"1 minute\" \/>\n<script type=\"application\/ld+json\" class=\"yoast-schema-graph\">{\"@context\":\"https:\\\/\\\/schema.org\",\"@graph\":[{\"@type\":\"WebPage\",\"@id\":\"https:\\\/\\\/www.registreer.frl\\\/frl\\\/cookiebeleid\\\/\",\"url\":\"https:\\\/\\\/www.registreer.frl\\\/frl\\\/cookiebeleid\\\/\",\"name\":\"Cookiebeleid - Registreer FRL\",\"isPartOf\":{\"@id\":\"https:\\\/\\\/www.registreer.frl\\\/frl\\\/#website\"},\"datePublished\":\"2025-12-05T09:55:52+00:00\",\"dateModified\":\"2025-12-05T10:51:58+00:00\",\"breadcrumb\":{\"@id\":\"https:\\\/\\\/www.registreer.frl\\\/frl\\\/cookiebeleid\\\/#breadcrumb\"},\"inLanguage\":\"frl-FRL\",\"potentialAction\":[{\"@type\":\"ReadAction\",\"target\":[\"https:\\\/\\\/www.registreer.frl\\\/frl\\\/cookiebeleid\\\/\"]}]},{\"@type\":\"BreadcrumbList\",\"@id\":\"https:\\\/\\\/www.registreer.frl\\\/frl\\\/cookiebeleid\\\/#breadcrumb\",\"itemListElement\":[{\"@type\":\"ListItem\",\"position\":1,\"name\":\"Home\",\"item\":\"https:\\\/\\\/www.registreer.frl\\\/frl\\\/\"},{\"@type\":\"ListItem\",\"position\":2,\"name\":\"Cookiebeleid\"}]},{\"@type\":\"WebSite\",\"@id\":\"https:\\\/\\\/www.registreer.frl\\\/frl\\\/#website\",\"url\":\"https:\\\/\\\/www.registreer.frl\\\/frl\\\/\",\"name\":\"Registreer FRL\",\"description\":\"\",\"potentialAction\":[{\"@type\":\"SearchAction\",\"target\":{\"@type\":\"EntryPoint\",\"urlTemplate\":\"https:\\\/\\\/www.registreer.frl\\\/frl\\\/?s={search_term_string}\"},\"query-input\":{\"@type\":\"PropertyValueSpecification\",\"valueRequired\":true,\"valueName\":\"search_term_string\"}}],\"inLanguage\":\"frl-FRL\"}]}<\/script>\n<!-- \/ Yoast SEO plugin. -->","yoast_head_json":{"title":"Cookiebeleid - Registreer FRL","robots":{"index":"index","follow":"follow","max-snippet":"max-snippet:-1","max-image-preview":"max-image-preview:large","max-video-preview":"max-video-preview:-1"},"canonical":"https:\/\/www.registreer.frl\/frl\/cookiebeleid\/","og_locale":"fr_FR","og_type":"article","og_title":"Cookiebeleid - Registreer FRL","og_description":"Wy br\u00fbke cookies om \u00fas website goed wurkje te litten en om jo \u00fbnderfining te ferbetterjen. Guon cookies binne needsaaklik...","og_url":"https:\/\/www.registreer.frl\/frl\/cookiebeleid\/","og_site_name":"Registreer FRL","article_modified_time":"2025-12-05T10:51:58+00:00","twitter_card":"summary_large_image","twitter_misc":{"Est. reading time":"1 minute"},"schema":{"@context":"https:\/\/schema.org","@graph":[{"@type":"WebPage","@id":"https:\/\/www.registreer.frl\/frl\/cookiebeleid\/","url":"https:\/\/www.registreer.frl\/frl\/cookiebeleid\/","name":"Cookiebeleid - Registreer FRL","isPartOf":{"@id":"https:\/\/www.registreer.frl\/frl\/#website"},"datePublished":"2025-12-05T09:55:52+00:00","dateModified":"2025-12-05T10:51:58+00:00","breadcrumb":{"@id":"https:\/\/www.registreer.frl\/frl\/cookiebeleid\/#breadcrumb"},"inLanguage":"frl-FRL","potentialAction":[{"@type":"ReadAction","target":["https:\/\/www.registreer.frl\/frl\/cookiebeleid\/"]}]},{"@type":"BreadcrumbList","@id":"https:\/\/www.registreer.frl\/frl\/cookiebeleid\/#breadcrumb","itemListElement":[{"@type":"ListItem","position":1,"name":"Home","item":"https:\/\/www.registreer.frl\/frl\/"},{"@type":"ListItem","position":2,"name":"Cookiebeleid"}]},{"@type":"WebSite","@id":"https:\/\/www.registreer.frl\/frl\/#website","url":"https:\/\/www.registreer.frl\/frl\/","name":"Registreer FRL","description":"","potentialAction":[{"@type":"SearchAction","target":{"@type":"EntryPoint","urlTemplate":"https:\/\/www.registreer.frl\/frl\/?s={search_term_string}"},"query-input":{"@type":"PropertyValueSpecification","valueRequired":true,"valueName":"search_term_string"}}],"inLanguage":"frl-FRL"}]}},"_links":{"self":[{"href":"https:\/\/www.registreer.frl\/frl\/wp-json\/wp\/v2\/pages\/2528","targetHints":{"allow":["GET"]}}],"collection":[{"href":"https:\/\/www.registreer.frl\/frl\/wp-json\/wp\/v2\/pages"}],"about":[{"href":"https:\/\/www.registreer.frl\/frl\/wp-json\/wp\/v2\/types\/page"}],"author":[{"embeddable":true,"href":"https:\/\/www.registreer.frl\/frl\/wp-json\/wp\/v2\/users\/1"}],"replies":[{"embeddable":true,"href":"https:\/\/www.registreer.frl\/frl\/wp-json\/wp\/v2\/comments?post=2528"}],"version-history":[{"count":5,"href":"https:\/\/www.registreer.frl\/frl\/wp-json\/wp\/v2\/pages\/2528\/revisions"}],"predecessor-version":[{"id":2541,"href":"https:\/\/www.registreer.frl\/frl\/wp-json\/wp\/v2\/pages\/2528\/revisions\/2541"}],"wp:attachment":[{"href":"https:\/\/www.registreer.frl\/frl\/wp-json\/wp\/v2\/media?parent=2528"}],"curies":[{"name":"wp","href":"https:\/\/api.w.org\/{rel}","templated":true}]}}